{"id":6387,"date":"2021-01-25T15:07:52","date_gmt":"2021-01-25T15:07:52","guid":{"rendered":"https:\/\/adriasecrets.com\/kroatien\/"},"modified":"2021-06-04T14:24:54","modified_gmt":"2021-06-04T12:24:54","slug":"kroatien","status":"publish","type":"page","link":"https:\/\/adriasecrets.com\/en\/kroatien\/","title":{"rendered":"Croatia"},"content":{"rendered":"\t\t<div data-elementor-type=\"wp-page\" data-elementor-id=\"6387\" class=\"elementor elementor-6387\">\n\t\t\t\t\t\t\t\t\t<section class=\"elementor-section elementor-top-section elementor-element elementor-element-e0a974b elementor-section-boxed elementor-section-height-default elementor-section-height-default\" data-id=\"e0a974b\" data-element_type=\"section\">\n\t\t\t\t\t\t<div class=\"elementor-container elementor-column-gap-default\">\n\t\t\t\t\t<div class=\"elementor-column elementor-col-100 elementor-top-column elementor-element elementor-element-5b4748e\" data-id=\"5b4748e\" data-element_type=\"column\">\n\t\t\t<div class=\"elementor-widget-wrap\">\n\t\t\t\t\t\t\t\t\t<\/div>\n\t\t<\/div>\n\t\t\t\t\t\t\t<\/div>\n\t\t<\/section>\n\t\t\t\t<section class=\"elementor-section elementor-top-section elementor-element elementor-element-853e3e5 elementor-section-boxed elementor-section-height-default elementor-section-height-default\" data-id=\"853e3e5\" data-element_type=\"section\">\n\t\t\t\t\t\t<div class=\"elementor-container elementor-column-gap-default\">\n\t\t\t\t\t<div class=\"elementor-column elementor-col-100 elementor-top-column elementor-element elementor-element-3a26089\" data-id=\"3a26089\" data-element_type=\"column\">\n\t\t\t<div class=\"elementor-widget-wrap elementor-element-populated\">\n\t\t\t\t\t\t\t\t<div class=\"elementor-element elementor-element-303bd71 elementor-widget elementor-widget-text-editor\" data-id=\"303bd71\" data-element_type=\"widget\" data-widget_type=\"text-editor.default\">\n\t\t\t\t<div class=\"elementor-widget-container\">\n\t\t\t\t\t\t\t<p>Das wie ein Bumerang geformte Kroatien zieht im Nordwesten von den \u00f6stlichen Spitzen der Alpen bis zur Donau im Osten und bildet die Grenzlinie zwischen Mittel- und S\u00fcdosteuropa. Im s\u00fcdlichen Teil wird Kroatien von der Adria begrenzt, welche hinsichtlich Qualit\u00e4t und Reinheit zu den saubersten Meeren Europas geh\u00f6rt. Eine Vielzahl der wundersch\u00f6nen kroatischen Str\u00e4nde ist mit blauen Flaggen versehen, was ein Qualit\u00e4tssiegel f\u00fcr die Reinheit des Wassers, die Sicherheit und die Dienstleistung darstellt.<\/p><p>Das kleine Land, welches sich nach dem ersten Weltkrieg von der \u00f6sterreich-ungarischen Monarchie l\u00f6ste und nach dem zweiten Weltkrieg zur Teilrepublik Jugoslawiens geh\u00f6rte, konnte nach dem B\u00fcrgerkrieg in den 1990 Jahren seine Staatsunabh\u00e4ngigkeit erlangen.<\/p><p>Seit dieser Zeit befindet sich das Land im Umbruch und stets in der Entwicklung mit einem gro\u00dfen Ziel: Das perfekte Urlaubsziel f\u00fcr Touristen zu sein.<\/p>\t\t\t\t\t\t<\/div>\n\t\t\t\t<\/div>\n\t\t\t\t<div class=\"elementor-element elementor-element-a472993 elementor-widget elementor-widget-image-gallery\" data-id=\"a472993\" data-element_type=\"widget\" data-widget_type=\"image-gallery.default\">\n\t\t\t\t<div class=\"elementor-widget-container\">\n\t\t\t\t\t<div class=\"elementor-image-gallery\">\n\t\t\t<div id='gallery-1' class='gallery galleryid-6387 gallery-columns-3 gallery-size-thumbnail'><figure class='gallery-item'>\n\t\t\t<div class='gallery-icon landscape'>\n\t\t\t\t<a data-elementor-open-lightbox=\"yes\" data-elementor-lightbox-slideshow=\"a472993\" data-elementor-lightbox-title=\"bol-kroatien-1024x682-1\" data-e-action-hash=\"#elementor-action%3Aaction%3Dlightbox%26settings%3DeyJpZCI6NjM4OCwidXJsIjoiaHR0cHM6XC9cL2Fkcmlhc2VjcmV0cy5jb21cL3dwLWNvbnRlbnRcL3VwbG9hZHNcLzIwMjFcLzAyXC9ib2wta3JvYXRpZW4tMTAyNHg2ODItMS5qcGciLCJzbGlkZXNob3ciOiJhNDcyOTkzIn0%3D\" href='https:\/\/adriasecrets.com\/wp-content\/uploads\/2021\/02\/bol-kroatien-1024x682-1.jpg' title=\"\" data-rl_title=\"\" class=\"rl-gallery-link\" data-rl_caption=\"\" data-rel=\"lightbox-gallery-1\"><img width=\"150\" height=\"150\" src=\"https:\/\/adriasecrets.com\/wp-content\/uploads\/2021\/02\/bol-kroatien-1024x682-1-150x150.jpg\" class=\"attachment-thumbnail size-thumbnail\" alt=\"\" decoding=\"async\" loading=\"lazy\" \/><\/a>\n\t\t\t<\/div><\/figure><figure class='gallery-item'>\n\t\t\t<div class='gallery-icon landscape'>\n\t\t\t\t<a data-elementor-open-lightbox=\"yes\" data-elementor-lightbox-slideshow=\"a472993\" data-elementor-lightbox-title=\"brac-vinograd\" data-e-action-hash=\"#elementor-action%3Aaction%3Dlightbox%26settings%3DeyJpZCI6MzA4MiwidXJsIjoiaHR0cHM6XC9cL2Fkcmlhc2VjcmV0cy5jb21cL3dwLWNvbnRlbnRcL3VwbG9hZHNcLzIwMjFcLzAyXC9icmFjLXZpbm9ncmFkLmpwZyIsInNsaWRlc2hvdyI6ImE0NzI5OTMifQ%3D%3D\" href='https:\/\/adriasecrets.com\/wp-content\/uploads\/2021\/02\/brac-vinograd.jpg' title=\"\" data-rl_title=\"\" class=\"rl-gallery-link\" data-rl_caption=\"\" data-rel=\"lightbox-gallery-1\"><img width=\"150\" height=\"150\" src=\"https:\/\/adriasecrets.com\/wp-content\/uploads\/2021\/02\/brac-vinograd-150x150.jpg\" class=\"attachment-thumbnail size-thumbnail\" alt=\"Brac, Kroatien - Ivo Biocina, HTZ\" decoding=\"async\" loading=\"lazy\" \/><\/a>\n\t\t\t<\/div><\/figure><figure class='gallery-item'>\n\t\t\t<div class='gallery-icon landscape'>\n\t\t\t\t<a data-elementor-open-lightbox=\"yes\" data-elementor-lightbox-slideshow=\"a472993\" data-elementor-lightbox-title=\"dubrovnik\" data-e-action-hash=\"#elementor-action%3Aaction%3Dlightbox%26settings%3DeyJpZCI6MzA4MywidXJsIjoiaHR0cHM6XC9cL2Fkcmlhc2VjcmV0cy5jb21cL3dwLWNvbnRlbnRcL3VwbG9hZHNcLzIwMjFcLzAyXC9kdWJyb3ZuaWsuanBnIiwic2xpZGVzaG93IjoiYTQ3Mjk5MyJ9\" href='https:\/\/adriasecrets.com\/wp-content\/uploads\/2021\/02\/dubrovnik.jpg' title=\"\" data-rl_title=\"\" class=\"rl-gallery-link\" data-rl_caption=\"\" data-rel=\"lightbox-gallery-1\"><img width=\"150\" height=\"150\" src=\"https:\/\/adriasecrets.com\/wp-content\/uploads\/2021\/02\/dubrovnik-150x150.jpg\" class=\"attachment-thumbnail size-thumbnail\" alt=\"\" decoding=\"async\" loading=\"lazy\" \/><\/a>\n\t\t\t<\/div><\/figure>\n\t\t<\/div>\n\t\t<\/div>\n\t\t\t\t<\/div>\n\t\t\t\t<\/div>\n\t\t\t\t\t<\/div>\n\t\t<\/div>\n\t\t\t\t\t\t\t<\/div>\n\t\t<\/section>\n\t\t\t\t\t\t\t<\/div>\n\t\t","protected":false},"excerpt":{"rendered":"<p>A small country with an indescribable diversity for an unforgettable vacation<\/p>\n","protected":false},"author":1,"featured_media":0,"parent":0,"menu_order":0,"comment_status":"closed","ping_status":"closed","template":"","meta":{"inline_featured_image":false},"yoast_head":"<!-- This site is optimized with the Yoast SEO plugin v20.12 - https:\/\/yoast.com\/wordpress\/plugins\/seo\/ -->\n<title>Croatia - Adria Secrets<\/title>\n<meta name=\"robots\" content=\"index, follow, max-snippet:-1, max-image-preview:large, max-video-preview:-1\" \/>\n<link rel=\"canonical\" href=\"https:\/\/adriasecrets.com\/en\/kroatien\/\" \/>\n<meta property=\"og:locale\" content=\"en_US\" \/>\n<meta property=\"og:type\" content=\"article\" \/>\n<meta property=\"og:title\" content=\"Croatia - Adria Secrets\" \/>\n<meta property=\"og:description\" content=\"A small country with an indescribable diversity for an unforgettable vacation\" \/>\n<meta property=\"og:url\" content=\"https:\/\/adriasecrets.com\/en\/kroatien\/\" \/>\n<meta property=\"og:site_name\" content=\"Adria Secrets\" \/>\n<meta property=\"article:modified_time\" content=\"2021-06-04T12:24:54+00:00\" \/>\n<meta property=\"og:image\" content=\"https:\/\/adriasecrets.com\/wp-content\/uploads\/2021\/02\/bol-kroatien-1024x682-1.jpg\" \/>\n<meta name=\"twitter:card\" content=\"summary_large_image\" \/>\n<meta name=\"twitter:label1\" content=\"Est. reading time\" \/>\n\t<meta name=\"twitter:data1\" content=\"9 minutes\" \/>\n<script type=\"application\/ld+json\" class=\"yoast-schema-graph\">{\"@context\":\"https:\/\/schema.org\",\"@graph\":[{\"@type\":\"WebPage\",\"@id\":\"https:\/\/adriasecrets.com\/en\/kroatien\/\",\"url\":\"https:\/\/adriasecrets.com\/en\/kroatien\/\",\"name\":\"Croatia - Adria Secrets\",\"isPartOf\":{\"@id\":\"https:\/\/adriasecrets.com\/#website\"},\"datePublished\":\"2021-01-25T15:07:52+00:00\",\"dateModified\":\"2021-06-04T12:24:54+00:00\",\"breadcrumb\":{\"@id\":\"https:\/\/adriasecrets.com\/en\/kroatien\/#breadcrumb\"},\"inLanguage\":\"en-US\",\"potentialAction\":[{\"@type\":\"ReadAction\",\"target\":[\"https:\/\/adriasecrets.com\/en\/kroatien\/\"]}]},{\"@type\":\"BreadcrumbList\",\"@id\":\"https:\/\/adriasecrets.com\/en\/kroatien\/#breadcrumb\",\"itemListElement\":[{\"@type\":\"ListItem\",\"position\":1,\"name\":\"Home\",\"item\":\"https:\/\/adriasecrets.com\/en\/\"},{\"@type\":\"ListItem\",\"position\":2,\"name\":\"Croatia\"}]},{\"@type\":\"WebSite\",\"@id\":\"https:\/\/adriasecrets.com\/#website\",\"url\":\"https:\/\/adriasecrets.com\/\",\"name\":\"Adria Secrets\",\"description\":\"Luxuri\u00f6se Villen und Apartments in Kroatien\",\"publisher\":{\"@id\":\"https:\/\/adriasecrets.com\/#organization\"},\"potentialAction\":[{\"@type\":\"SearchAction\",\"target\":{\"@type\":\"EntryPoint\",\"urlTemplate\":\"https:\/\/adriasecrets.com\/?s={search_term_string}\"},\"query-input\":\"required name=search_term_string\"}],\"inLanguage\":\"en-US\"},{\"@type\":\"Organization\",\"@id\":\"https:\/\/adriasecrets.com\/#organization\",\"name\":\"Adria Secrets\",\"url\":\"https:\/\/adriasecrets.com\/\",\"logo\":{\"@type\":\"ImageObject\",\"inLanguage\":\"en-US\",\"@id\":\"https:\/\/adriasecrets.com\/#\/schema\/logo\/image\/\",\"url\":\"https:\/\/adriasecrets.com\/wp-content\/uploads\/2020\/11\/cropped-AdriaSecrets_Logo.png\",\"contentUrl\":\"https:\/\/adriasecrets.com\/wp-content\/uploads\/2020\/11\/cropped-AdriaSecrets_Logo.png\",\"width\":731,\"height\":341,\"caption\":\"Adria Secrets\"},\"image\":{\"@id\":\"https:\/\/adriasecrets.com\/#\/schema\/logo\/image\/\"}}]}<\/script>\n<!-- \/ Yoast SEO plugin. -->","yoast_head_json":{"title":"Croatia - Adria Secrets","robots":{"index":"index","follow":"follow","max-snippet":"max-snippet:-1","max-image-preview":"max-image-preview:large","max-video-preview":"max-video-preview:-1"},"canonical":"https:\/\/adriasecrets.com\/en\/kroatien\/","og_locale":"en_US","og_type":"article","og_title":"Croatia - Adria Secrets","og_description":"A small country with an indescribable diversity for an unforgettable vacation","og_url":"https:\/\/adriasecrets.com\/en\/kroatien\/","og_site_name":"Adria Secrets","article_modified_time":"2021-06-04T12:24:54+00:00","og_image":[{"url":"https:\/\/adriasecrets.com\/wp-content\/uploads\/2021\/02\/bol-kroatien-1024x682-1.jpg"}],"twitter_card":"summary_large_image","twitter_misc":{"Est. reading time":"9 minutes"},"schema":{"@context":"https:\/\/schema.org","@graph":[{"@type":"WebPage","@id":"https:\/\/adriasecrets.com\/en\/kroatien\/","url":"https:\/\/adriasecrets.com\/en\/kroatien\/","name":"Croatia - Adria Secrets","isPartOf":{"@id":"https:\/\/adriasecrets.com\/#website"},"datePublished":"2021-01-25T15:07:52+00:00","dateModified":"2021-06-04T12:24:54+00:00","breadcrumb":{"@id":"https:\/\/adriasecrets.com\/en\/kroatien\/#breadcrumb"},"inLanguage":"en-US","potentialAction":[{"@type":"ReadAction","target":["https:\/\/adriasecrets.com\/en\/kroatien\/"]}]},{"@type":"BreadcrumbList","@id":"https:\/\/adriasecrets.com\/en\/kroatien\/#breadcrumb","itemListElement":[{"@type":"ListItem","position":1,"name":"Home","item":"https:\/\/adriasecrets.com\/en\/"},{"@type":"ListItem","position":2,"name":"Croatia"}]},{"@type":"WebSite","@id":"https:\/\/adriasecrets.com\/#website","url":"https:\/\/adriasecrets.com\/","name":"Adria Secrets","description":"Luxuri\u00f6se Villen und Apartments in Kroatien","publisher":{"@id":"https:\/\/adriasecrets.com\/#organization"},"potentialAction":[{"@type":"SearchAction","target":{"@type":"EntryPoint","urlTemplate":"https:\/\/adriasecrets.com\/?s={search_term_string}"},"query-input":"required name=search_term_string"}],"inLanguage":"en-US"},{"@type":"Organization","@id":"https:\/\/adriasecrets.com\/#organization","name":"Adria Secrets","url":"https:\/\/adriasecrets.com\/","logo":{"@type":"ImageObject","inLanguage":"en-US","@id":"https:\/\/adriasecrets.com\/#\/schema\/logo\/image\/","url":"https:\/\/adriasecrets.com\/wp-content\/uploads\/2020\/11\/cropped-AdriaSecrets_Logo.png","contentUrl":"https:\/\/adriasecrets.com\/wp-content\/uploads\/2020\/11\/cropped-AdriaSecrets_Logo.png","width":731,"height":341,"caption":"Adria Secrets"},"image":{"@id":"https:\/\/adriasecrets.com\/#\/schema\/logo\/image\/"}}]}},"_links":{"self":[{"href":"https:\/\/adriasecrets.com\/en\/wp-json\/wp\/v2\/pages\/6387"}],"collection":[{"href":"https:\/\/adriasecrets.com\/en\/wp-json\/wp\/v2\/pages"}],"about":[{"href":"https:\/\/adriasecrets.com\/en\/wp-json\/wp\/v2\/types\/page"}],"author":[{"embeddable":true,"href":"https:\/\/adriasecrets.com\/en\/wp-json\/wp\/v2\/users\/1"}],"replies":[{"embeddable":true,"href":"https:\/\/adriasecrets.com\/en\/wp-json\/wp\/v2\/comments?post=6387"}],"version-history":[{"count":3,"href":"https:\/\/adriasecrets.com\/en\/wp-json\/wp\/v2\/pages\/6387\/revisions"}],"predecessor-version":[{"id":6401,"href":"https:\/\/adriasecrets.com\/en\/wp-json\/wp\/v2\/pages\/6387\/revisions\/6401"}],"wp:attachment":[{"href":"https:\/\/adriasecrets.com\/en\/wp-json\/wp\/v2\/media?parent=6387"}],"curies":[{"name":"wp","href":"https:\/\/api.w.org\/{rel}","templated":true}]}}