{"id":6461,"date":"2019-08-20T12:10:13","date_gmt":"2019-08-20T12:10:13","guid":{"rendered":"https:\/\/adriasecrets.com\/kontakt\/"},"modified":"2022-02-07T20:49:05","modified_gmt":"2022-02-07T19:49:05","slug":"contact","status":"publish","type":"page","link":"https:\/\/adriasecrets.com\/en\/contact\/","title":{"rendered":"Adria Secrets \u2013 Contact"},"content":{"rendered":"\t\t<div data-elementor-type=\"wp-page\" data-elementor-id=\"6461\" class=\"elementor elementor-6461\">\n\t\t\t\t\t\t\t\t\t<section class=\"elementor-section elementor-top-section elementor-element elementor-element-990abfc elementor-section-boxed elementor-section-height-default elementor-section-height-default\" data-id=\"990abfc\" data-element_type=\"section\">\n\t\t\t\t\t\t<div class=\"elementor-container elementor-column-gap-default\">\n\t\t\t\t\t<div class=\"elementor-column elementor-col-100 elementor-top-column elementor-element elementor-element-7e00a599\" data-id=\"7e00a599\" data-element_type=\"column\">\n\t\t\t<div class=\"elementor-widget-wrap elementor-element-populated\">\n\t\t\t\t\t\t\t\t<section class=\"elementor-section elementor-inner-section elementor-element elementor-element-7783f75 elementor-section-boxed elementor-section-height-default elementor-section-height-default\" data-id=\"7783f75\" data-element_type=\"section\">\n\t\t\t\t\t\t<div class=\"elementor-container elementor-column-gap-default\">\n\t\t\t\t\t<div class=\"elementor-column elementor-col-50 elementor-inner-column elementor-element elementor-element-ab07ce7\" data-id=\"ab07ce7\" data-element_type=\"column\">\n\t\t\t<div class=\"elementor-widget-wrap elementor-element-populated\">\n\t\t\t\t\t\t\t\t<div class=\"elementor-element elementor-element-599dfa3 elementor-widget elementor-widget-text-editor\" data-id=\"599dfa3\" data-element_type=\"widget\" data-widget_type=\"text-editor.default\">\n\t\t\t\t<div class=\"elementor-widget-container\">\n\t\t\t\t\t\t\t<h4>Adria Secrets<\/h4>\n<div>Vermittlung von Ferienunterk\u00fcnften und Dienstleistungen in Kroatien<\/div>\n<p>\u00a0<\/p>\n<p>E-Mail:<a href=\"mailto:info@adriasecrets.com\">\u00a0info@adriasecrets.com<\/a><br \/>Telefon: 0049 (0)\u00a0176 20516774<\/p>\n<p><span style=\"color: var( --e-global-color-text );font-family: var( --e-global-typography-text-font-family ), Sans-serif;font-size: var( --e-global-typography-text-font-size );font-weight: var( --e-global-typography-text-font-weight )\">Wir beraten Sie montags bis sonntags von 10-19 Uhr.<\/span><\/p>\n\t\t\t\t\t\t<\/div>\n\t\t\t\t<\/div>\n\t\t\t\t\t<\/div>\n\t\t<\/div>\n\t\t\t\t<div class=\"elementor-column elementor-col-50 elementor-inner-column elementor-element elementor-element-e73c6ff\" data-id=\"e73c6ff\" data-element_type=\"column\">\n\t\t\t<div class=\"elementor-widget-wrap elementor-element-populated\">\n\t\t\t\t\t\t\t\t<div class=\"elementor-element elementor-element-d8719b9 elementor-widget elementor-widget-shortcode\" data-id=\"d8719b9\" data-element_type=\"widget\" data-widget_type=\"shortcode.default\">\n\t\t\t\t<div class=\"elementor-widget-container\">\n\t\t\t\t\t<div class=\"elementor-shortcode\">\n<div class=\"wpcf7 no-js\" id=\"wpcf7-f3183-o1\" lang=\"en-US\" dir=\"ltr\">\n<div class=\"screen-reader-response\"><p role=\"status\" aria-live=\"polite\" aria-atomic=\"true\"><\/p> <ul><\/ul><\/div>\n<form action=\"\/en\/wp-json\/wp\/v2\/pages\/6461#wpcf7-f3183-o1\" method=\"post\" class=\"wpcf7-form init\" aria-label=\"Contact form\" novalidate=\"novalidate\" data-status=\"init\">\n<div style=\"display: none;\">\n<input type=\"hidden\" name=\"_wpcf7\" value=\"3183\" \/>\n<input type=\"hidden\" name=\"_wpcf7_version\" value=\"5.7.7\" \/>\n<input type=\"hidden\" name=\"_wpcf7_locale\" value=\"en_US\" \/>\n<input type=\"hidden\" name=\"_wpcf7_unit_tag\" value=\"wpcf7-f3183-o1\" \/>\n<input type=\"hidden\" name=\"_wpcf7_container_post\" value=\"0\" \/>\n<input type=\"hidden\" name=\"_wpcf7_posted_data_hash\" value=\"\" \/>\n<input type=\"hidden\" name=\"_wpcf7_recaptcha_response\" value=\"\" \/>\n<\/div>\n<p><label> Vorname und Nachname*<br \/>\n<span class=\"wpcf7-form-control-wrap\" data-name=\"your-name\"><input size=\"40\" class=\"wpcf7-form-control wpcf7-text wpcf7-validates-as-required\" aria-required=\"true\" aria-invalid=\"false\" value=\"\" type=\"text\" name=\"your-name\" \/><\/span> <\/label>\n<\/p>\n<p><label> E-Mail*<br \/>\n<span class=\"wpcf7-form-control-wrap\" data-name=\"your-email\"><input size=\"40\" class=\"wpcf7-form-control wpcf7-text wpcf7-email wpcf7-validates-as-required wpcf7-validates-as-email\" aria-required=\"true\" aria-invalid=\"false\" value=\"\" type=\"email\" name=\"your-email\" \/><\/span> <\/label>\n<\/p>\n<p><label> Bezeichnung<br \/>\n<span class=\"wpcf7-form-control-wrap\" data-name=\"your-subject\"><input size=\"40\" class=\"wpcf7-form-control wpcf7-text wpcf7-validates-as-required\" aria-required=\"true\" aria-invalid=\"false\" value=\"\" type=\"text\" name=\"your-subject\" \/><\/span> <\/label>\n<\/p>\n<p><label> \u00cdhre Nachricht<br \/>\n<span class=\"wpcf7-form-control-wrap\" data-name=\"your-message\"><textarea cols=\"40\" rows=\"2\" class=\"wpcf7-form-control wpcf7-textarea\" aria-invalid=\"false\" name=\"your-message\"><\/textarea><\/span> <\/label>\n<\/p>\n<p><label>\n\t<span class=\"wpcf7-form-control-wrap recaptcha\" data-name=\"recaptcha\"><span data-sitekey=\"6LcPGBcbAAAAAA4Zq1UFeYpfK-gA-fQgQwFcVh9w\" class=\"wpcf7-form-control g-recaptcha wpcf7-recaptcha\"><\/span>\r\n<noscript>\r\n\t<div class=\"grecaptcha-noscript\">\r\n\t\t<iframe loading=\"lazy\" src=\"https:\/\/www.google.com\/recaptcha\/api\/fallback?k=6LcPGBcbAAAAAA4Zq1UFeYpfK-gA-fQgQwFcVh9w\" frameborder=\"0\" scrolling=\"no\" width=\"310\" height=\"430\">\r\n\t\t<\/iframe>\r\n\t\t<textarea name=\"g-recaptcha-response\" rows=\"3\" cols=\"40\" placeholder=\"reCaptcha Response Here\">\r\n\t\t<\/textarea>\r\n\t<\/div>\r\n<\/noscript>\r\n<\/span><br \/>\n<\/label>\n<\/p>\n<p><input class=\"wpcf7-form-control has-spinner wpcf7-submit\" type=\"submit\" value=\"Senden\" \/>\n<\/p><div class=\"wpcf7-response-output\" aria-hidden=\"true\"><\/div>\n<\/form>\n<\/div>\n<\/div>\n\t\t\t\t<\/div>\n\t\t\t\t<\/div>\n\t\t\t\t<div class=\"elementor-element elementor-element-14c67fe elementor-widget elementor-widget-text-editor\" data-id=\"14c67fe\" data-element_type=\"widget\" data-widget_type=\"text-editor.default\">\n\t\t\t\t<div class=\"elementor-widget-container\">\n\t\t\t\t\t\t\t<p><em>Pflichtfelder sind mit * gekennzeichnet<\/em><\/p>\n<p>Wenn Sie die im Kontaktformular eingegebenen Daten durch Klick auf den nachfolgenden Button \u00fcbersenden, erkl\u00e4ren Sie, dass Sie die <a href=\"https:\/\/adriasecrets.com\/datenschutzerklarung\/\">Datenschutzerkl\u00e4rung<\/a> zur Kenntnis genommen haben und damit einverstanden sind, dass die angegebenen Daten elektronisch erhoben, gespeichert und verarbeitet werden. Die Daten werden dabei nur streng zweckgebunden zur Bearbeitung und Beantwortung Ihrer Anfrage genutzt. Sie k\u00f6nnen Ihre erteilte Einwilligung jederzeit mit Wirkung f\u00fcr die Zukunft widerrufen. Im Falle des Widerrufs werden Ihre Daten umgehend gel\u00f6scht.<\/p>\n\t\t\t\t\t\t<\/div>\n\t\t\t\t<\/div>\n\t\t\t\t\t<\/div>\n\t\t<\/div>\n\t\t\t\t\t\t\t<\/div>\n\t\t<\/section>\n\t\t\t\t\t<\/div>\n\t\t<\/div>\n\t\t\t\t\t\t\t<\/div>\n\t\t<\/section>\n\t\t\t\t\t\t\t<\/div>\n\t\t","protected":false},"excerpt":{"rendered":"<p>Do you have any questions or are you interested in a customized vacation in Croatia? We will be happy to advise you by phone or e-mail.<\/p>\n","protected":false},"author":1,"featured_media":0,"parent":0,"menu_order":0,"comment_status":"closed","ping_status":"closed","template":"template-wide-page.php","meta":{"inline_featured_image":false},"yoast_head":"<!-- This site is optimized with the Yoast SEO plugin v20.12 - https:\/\/yoast.com\/wordpress\/plugins\/seo\/ -->\n<title>Adria Secrets \u2013 Contact<\/title>\n<meta name=\"description\" content=\"Do you have any questions or are you interested in a customized vacation in Croatia? We will be happy to advise you by phone or e-mail.\" \/>\n<meta name=\"robots\" content=\"index, follow, max-snippet:-1, max-image-preview:large, max-video-preview:-1\" \/>\n<link rel=\"canonical\" href=\"https:\/\/adriasecrets.com\/kontakt\/\" \/>\n<meta property=\"og:locale\" content=\"en_US\" \/>\n<meta property=\"og:type\" content=\"article\" \/>\n<meta property=\"og:title\" content=\"Adria Secrets \u2013 Contact\" \/>\n<meta property=\"og:description\" content=\"Do you have any questions or are you interested in a customized vacation in Croatia? We will be happy to advise you by phone or e-mail.\" \/>\n<meta property=\"og:url\" content=\"https:\/\/adriasecrets.com\/kontakt\/\" \/>\n<meta property=\"og:site_name\" content=\"Adria Secrets\" \/>\n<meta property=\"article:modified_time\" content=\"2022-02-07T19:49:05+00:00\" \/>\n<meta name=\"twitter:card\" content=\"summary_large_image\" \/>\n<meta name=\"twitter:label1\" content=\"Est. reading time\" \/>\n\t<meta name=\"twitter:data1\" content=\"1 minute\" \/>\n<script type=\"application\/ld+json\" class=\"yoast-schema-graph\">{\"@context\":\"https:\/\/schema.org\",\"@graph\":[{\"@type\":\"WebPage\",\"@id\":\"https:\/\/adriasecrets.com\/kontakt\/\",\"url\":\"https:\/\/adriasecrets.com\/kontakt\/\",\"name\":\"Adria Secrets \u2013 Contact\",\"isPartOf\":{\"@id\":\"https:\/\/adriasecrets.com\/#website\"},\"datePublished\":\"2019-08-20T12:10:13+00:00\",\"dateModified\":\"2022-02-07T19:49:05+00:00\",\"description\":\"Do you have any questions or are you interested in a customized vacation in Croatia? We will be happy to advise you by phone or e-mail.\",\"breadcrumb\":{\"@id\":\"https:\/\/adriasecrets.com\/kontakt\/#breadcrumb\"},\"inLanguage\":\"en-US\",\"potentialAction\":[{\"@type\":\"ReadAction\",\"target\":[\"https:\/\/adriasecrets.com\/kontakt\/\"]}]},{\"@type\":\"BreadcrumbList\",\"@id\":\"https:\/\/adriasecrets.com\/kontakt\/#breadcrumb\",\"itemListElement\":[{\"@type\":\"ListItem\",\"position\":1,\"name\":\"Home\",\"item\":\"https:\/\/adriasecrets.com\/en\/\"},{\"@type\":\"ListItem\",\"position\":2,\"name\":\"Adria Secrets \u2013 Contact\"}]},{\"@type\":\"WebSite\",\"@id\":\"https:\/\/adriasecrets.com\/#website\",\"url\":\"https:\/\/adriasecrets.com\/\",\"name\":\"Adria Secrets\",\"description\":\"Luxuri\u00f6se Villen und Apartments in Kroatien\",\"publisher\":{\"@id\":\"https:\/\/adriasecrets.com\/#organization\"},\"potentialAction\":[{\"@type\":\"SearchAction\",\"target\":{\"@type\":\"EntryPoint\",\"urlTemplate\":\"https:\/\/adriasecrets.com\/?s={search_term_string}\"},\"query-input\":\"required name=search_term_string\"}],\"inLanguage\":\"en-US\"},{\"@type\":\"Organization\",\"@id\":\"https:\/\/adriasecrets.com\/#organization\",\"name\":\"Adria Secrets\",\"url\":\"https:\/\/adriasecrets.com\/\",\"logo\":{\"@type\":\"ImageObject\",\"inLanguage\":\"en-US\",\"@id\":\"https:\/\/adriasecrets.com\/#\/schema\/logo\/image\/\",\"url\":\"https:\/\/adriasecrets.com\/wp-content\/uploads\/2020\/11\/cropped-AdriaSecrets_Logo.png\",\"contentUrl\":\"https:\/\/adriasecrets.com\/wp-content\/uploads\/2020\/11\/cropped-AdriaSecrets_Logo.png\",\"width\":731,\"height\":341,\"caption\":\"Adria Secrets\"},\"image\":{\"@id\":\"https:\/\/adriasecrets.com\/#\/schema\/logo\/image\/\"}}]}<\/script>\n<!-- \/ Yoast SEO plugin. -->","yoast_head_json":{"title":"Adria Secrets \u2013 Contact","description":"Do you have any questions or are you interested in a customized vacation in Croatia? We will be happy to advise you by phone or e-mail.","robots":{"index":"index","follow":"follow","max-snippet":"max-snippet:-1","max-image-preview":"max-image-preview:large","max-video-preview":"max-video-preview:-1"},"canonical":"https:\/\/adriasecrets.com\/kontakt\/","og_locale":"en_US","og_type":"article","og_title":"Adria Secrets \u2013 Contact","og_description":"Do you have any questions or are you interested in a customized vacation in Croatia? We will be happy to advise you by phone or e-mail.","og_url":"https:\/\/adriasecrets.com\/kontakt\/","og_site_name":"Adria Secrets","article_modified_time":"2022-02-07T19:49:05+00:00","twitter_card":"summary_large_image","twitter_misc":{"Est. reading time":"1 minute"},"schema":{"@context":"https:\/\/schema.org","@graph":[{"@type":"WebPage","@id":"https:\/\/adriasecrets.com\/kontakt\/","url":"https:\/\/adriasecrets.com\/kontakt\/","name":"Adria Secrets \u2013 Contact","isPartOf":{"@id":"https:\/\/adriasecrets.com\/#website"},"datePublished":"2019-08-20T12:10:13+00:00","dateModified":"2022-02-07T19:49:05+00:00","description":"Do you have any questions or are you interested in a customized vacation in Croatia? We will be happy to advise you by phone or e-mail.","breadcrumb":{"@id":"https:\/\/adriasecrets.com\/kontakt\/#breadcrumb"},"inLanguage":"en-US","potentialAction":[{"@type":"ReadAction","target":["https:\/\/adriasecrets.com\/kontakt\/"]}]},{"@type":"BreadcrumbList","@id":"https:\/\/adriasecrets.com\/kontakt\/#breadcrumb","itemListElement":[{"@type":"ListItem","position":1,"name":"Home","item":"https:\/\/adriasecrets.com\/en\/"},{"@type":"ListItem","position":2,"name":"Adria Secrets \u2013 Contact"}]},{"@type":"WebSite","@id":"https:\/\/adriasecrets.com\/#website","url":"https:\/\/adriasecrets.com\/","name":"Adria Secrets","description":"Luxuri\u00f6se Villen und Apartments in Kroatien","publisher":{"@id":"https:\/\/adriasecrets.com\/#organization"},"potentialAction":[{"@type":"SearchAction","target":{"@type":"EntryPoint","urlTemplate":"https:\/\/adriasecrets.com\/?s={search_term_string}"},"query-input":"required name=search_term_string"}],"inLanguage":"en-US"},{"@type":"Organization","@id":"https:\/\/adriasecrets.com\/#organization","name":"Adria Secrets","url":"https:\/\/adriasecrets.com\/","logo":{"@type":"ImageObject","inLanguage":"en-US","@id":"https:\/\/adriasecrets.com\/#\/schema\/logo\/image\/","url":"https:\/\/adriasecrets.com\/wp-content\/uploads\/2020\/11\/cropped-AdriaSecrets_Logo.png","contentUrl":"https:\/\/adriasecrets.com\/wp-content\/uploads\/2020\/11\/cropped-AdriaSecrets_Logo.png","width":731,"height":341,"caption":"Adria Secrets"},"image":{"@id":"https:\/\/adriasecrets.com\/#\/schema\/logo\/image\/"}}]}},"_links":{"self":[{"href":"https:\/\/adriasecrets.com\/en\/wp-json\/wp\/v2\/pages\/6461"}],"collection":[{"href":"https:\/\/adriasecrets.com\/en\/wp-json\/wp\/v2\/pages"}],"about":[{"href":"https:\/\/adriasecrets.com\/en\/wp-json\/wp\/v2\/types\/page"}],"author":[{"embeddable":true,"href":"https:\/\/adriasecrets.com\/en\/wp-json\/wp\/v2\/users\/1"}],"replies":[{"embeddable":true,"href":"https:\/\/adriasecrets.com\/en\/wp-json\/wp\/v2\/comments?post=6461"}],"version-history":[{"count":6,"href":"https:\/\/adriasecrets.com\/en\/wp-json\/wp\/v2\/pages\/6461\/revisions"}],"predecessor-version":[{"id":7599,"href":"https:\/\/adriasecrets.com\/en\/wp-json\/wp\/v2\/pages\/6461\/revisions\/7599"}],"wp:attachment":[{"href":"https:\/\/adriasecrets.com\/en\/wp-json\/wp\/v2\/media?parent=6461"}],"curies":[{"name":"wp","href":"https:\/\/api.w.org\/{rel}","templated":true}]}}