{"id":6510,"date":"2021-02-16T00:31:41","date_gmt":"2021-02-15T23:31:41","guid":{"rendered":"https:\/\/adriasecrets.com\/concierge\/services\/"},"modified":"2022-02-07T20:49:04","modified_gmt":"2022-02-07T19:49:04","slug":"services","status":"publish","type":"page","link":"https:\/\/adriasecrets.com\/en\/concierge\/services\/","title":{"rendered":"Services"},"content":{"rendered":"\t\t<div data-elementor-type=\"wp-page\" data-elementor-id=\"6510\" class=\"elementor elementor-6510\">\n\t\t\t\t\t\t\t\t\t<section class=\"elementor-section elementor-top-section elementor-element elementor-element-c6cd130 elementor-section-boxed elementor-section-height-default elementor-section-height-default\" data-id=\"c6cd130\" data-element_type=\"section\" data-settings=\"{&quot;background_background&quot;:&quot;classic&quot;}\">\n\t\t\t\t\t\t\t<div class=\"elementor-background-overlay\"><\/div>\n\t\t\t\t\t\t\t<div class=\"elementor-container elementor-column-gap-default\">\n\t\t\t\t\t<div class=\"elementor-column elementor-col-100 elementor-top-column elementor-element elementor-element-6442c6d\" data-id=\"6442c6d\" data-element_type=\"column\">\n\t\t\t<div class=\"elementor-widget-wrap elementor-element-populated\">\n\t\t\t\t\t\t\t\t<div class=\"elementor-element elementor-element-d4c550d elementor-widget elementor-widget-heading\" data-id=\"d4c550d\" data-element_type=\"widget\" data-widget_type=\"heading.default\">\n\t\t\t\t<div class=\"elementor-widget-container\">\n\t\t\t<h2 class=\"elementor-heading-title elementor-size-default\">Services <\/h2>\t\t<\/div>\n\t\t\t\t<\/div>\n\t\t\t\t\t<\/div>\n\t\t<\/div>\n\t\t\t\t\t\t\t<\/div>\n\t\t<\/section>\n\t\t\t\t<section class=\"elementor-section elementor-top-section elementor-element elementor-element-83468f7 elementor-section-boxed elementor-section-height-default elementor-section-height-default\" data-id=\"83468f7\" data-element_type=\"section\">\n\t\t\t\t\t\t<div class=\"elementor-container elementor-column-gap-default\">\n\t\t\t\t\t<div class=\"elementor-column elementor-col-100 elementor-top-column elementor-element elementor-element-c370d5b\" data-id=\"c370d5b\" data-element_type=\"column\">\n\t\t\t<div class=\"elementor-widget-wrap elementor-element-populated\">\n\t\t\t\t\t\t\t\t<section class=\"elementor-section elementor-inner-section elementor-element elementor-element-75350c6 elementor-section-boxed elementor-section-height-default elementor-section-height-default\" data-id=\"75350c6\" data-element_type=\"section\">\n\t\t\t\t\t\t<div class=\"elementor-container elementor-column-gap-default\">\n\t\t\t\t\t<div class=\"elementor-column elementor-col-50 elementor-inner-column elementor-element elementor-element-26da9b2\" data-id=\"26da9b2\" data-element_type=\"column\">\n\t\t\t<div class=\"elementor-widget-wrap elementor-element-populated\">\n\t\t\t\t\t\t\t\t<div class=\"elementor-element elementor-element-629cbfe elementor-widget elementor-widget-text-editor\" data-id=\"629cbfe\" data-element_type=\"widget\" data-widget_type=\"text-editor.default\">\n\t\t\t\t<div class=\"elementor-widget-container\">\n\t\t\t\t\t\t\t<p>Erstklassiger Service ist uns sehr wichtig! Deshalb helfen wir Ihnen gerne bei der Zusammenstellung Ihres Pers\u00f6nlichen Service-Pakets f\u00fcr Ihren Urlaub. Auf Anfrage organisieren wir f\u00fcr Sie:<\/p>\n<ul>\n<li>Privater Koch<\/li>\n<li>Hausdame\/Zimmerm\u00e4dchen<\/li>\n<li>Masseur<\/li>\n<li>Perosnal Trainer<\/li>\n<li>Babysitter<\/li>\n<li>Sicherheitspersonal<\/li>\n<li>Fotograf<\/li>\n<li>Catering\/Party-Service<\/li>\n<li>Reisef\u00fchrer <\/li>\n<li>Reinigungskraft<\/li>\n<li>Kroatischlehrer<\/li>\n<\/ul>\n<p>Dar\u00fcber hinaus organisieren wir gerne Ihre Ausfl\u00fcge oder nehmen Tischreservierungen vor \u2013 lassen Sie uns Ihre W\u00fcnsche wissen!<\/p>\n<p>F\u00fcr eine unverbindliche Anfrage f\u00fcllen Sie bitte das Kontaktformular aus oder schicken Sie uns eine Email.<\/p>\n\t\t\t\t\t\t<\/div>\n\t\t\t\t<\/div>\n\t\t\t\t\t<\/div>\n\t\t<\/div>\n\t\t\t\t<div class=\"elementor-column elementor-col-50 elementor-inner-column elementor-element elementor-element-b7a4afc\" data-id=\"b7a4afc\" data-element_type=\"column\">\n\t\t\t<div class=\"elementor-widget-wrap elementor-element-populated\">\n\t\t\t\t\t\t\t\t<div class=\"elementor-element elementor-element-07b0d4a elementor-widget elementor-widget-text-editor\" data-id=\"07b0d4a\" data-element_type=\"widget\" data-widget_type=\"text-editor.default\">\n\t\t\t\t<div class=\"elementor-widget-container\">\n\t\t\t\t\t\t\t<h2>Schreiben Sie uns!<\/h2>\n\t\t\t\t\t\t<\/div>\n\t\t\t\t<\/div>\n\t\t\t\t<div class=\"elementor-element elementor-element-2893150 elementor-widget elementor-widget-shortcode\" data-id=\"2893150\" data-element_type=\"widget\" data-widget_type=\"shortcode.default\">\n\t\t\t\t<div class=\"elementor-widget-container\">\n\t\t\t\t\t<div class=\"elementor-shortcode\">\n<div class=\"wpcf7 no-js\" id=\"wpcf7-f6466-o1\" lang=\"en-US\" dir=\"ltr\">\n<div class=\"screen-reader-response\"><p role=\"status\" aria-live=\"polite\" aria-atomic=\"true\"><\/p> <ul><\/ul><\/div>\n<form action=\"\/en\/wp-json\/wp\/v2\/pages\/6510#wpcf7-f6466-o1\" method=\"post\" class=\"wpcf7-form init\" aria-label=\"Contact form\" novalidate=\"novalidate\" data-status=\"init\">\n<div style=\"display: none;\">\n<input type=\"hidden\" name=\"_wpcf7\" value=\"6466\" \/>\n<input type=\"hidden\" name=\"_wpcf7_version\" value=\"5.7.7\" \/>\n<input type=\"hidden\" name=\"_wpcf7_locale\" value=\"en_US\" \/>\n<input type=\"hidden\" name=\"_wpcf7_unit_tag\" value=\"wpcf7-f6466-o1\" \/>\n<input type=\"hidden\" name=\"_wpcf7_container_post\" value=\"0\" \/>\n<input type=\"hidden\" name=\"_wpcf7_posted_data_hash\" value=\"\" \/>\n<input type=\"hidden\" name=\"_wpcf7_recaptcha_response\" value=\"\" \/>\n<\/div>\n<p><label> Your name*<br \/>\n<span class=\"wpcf7-form-control-wrap\" data-name=\"your-name\"><input size=\"40\" class=\"wpcf7-form-control wpcf7-text wpcf7-validates-as-required\" aria-required=\"true\" aria-invalid=\"false\" value=\"\" type=\"text\" name=\"your-name\" \/><\/span> <\/label>\n<\/p>\n<p><label> E-Mail*<br \/>\n<span class=\"wpcf7-form-control-wrap\" data-name=\"your-email\"><input size=\"40\" class=\"wpcf7-form-control wpcf7-text wpcf7-email wpcf7-validates-as-required wpcf7-validates-as-email\" aria-required=\"true\" aria-invalid=\"false\" value=\"\" type=\"email\" name=\"your-email\" \/><\/span> <\/label>\n<\/p>\n<p><label> Subject<br \/>\n<span class=\"wpcf7-form-control-wrap\" data-name=\"your-subject\"><input size=\"40\" class=\"wpcf7-form-control wpcf7-text wpcf7-validates-as-required\" aria-required=\"true\" aria-invalid=\"false\" value=\"\" type=\"text\" name=\"your-subject\" \/><\/span> <\/label>\n<\/p>\n<p><label> Your message<br \/>\n<span class=\"wpcf7-form-control-wrap\" data-name=\"your-message\"><textarea cols=\"40\" rows=\"2\" class=\"wpcf7-form-control wpcf7-textarea\" aria-invalid=\"false\" name=\"your-message\"><\/textarea><\/span> <\/label>\n<\/p>\n<p><label>\n\t<span class=\"wpcf7-form-control-wrap recaptcha\" data-name=\"recaptcha\"><span data-sitekey=\"6LcPGBcbAAAAAA4Zq1UFeYpfK-gA-fQgQwFcVh9w\" class=\"wpcf7-form-control g-recaptcha wpcf7-recaptcha\"><\/span>\r\n<noscript>\r\n\t<div class=\"grecaptcha-noscript\">\r\n\t\t<iframe loading=\"lazy\" src=\"https:\/\/www.google.com\/recaptcha\/api\/fallback?k=6LcPGBcbAAAAAA4Zq1UFeYpfK-gA-fQgQwFcVh9w\" frameborder=\"0\" scrolling=\"no\" width=\"310\" height=\"430\">\r\n\t\t<\/iframe>\r\n\t\t<textarea name=\"g-recaptcha-response\" rows=\"3\" cols=\"40\" placeholder=\"reCaptcha Response Here\">\r\n\t\t<\/textarea>\r\n\t<\/div>\r\n<\/noscript>\r\n<\/span><br \/>\n<\/label>\n<\/p>\n<p><input class=\"wpcf7-form-control has-spinner wpcf7-submit\" type=\"submit\" value=\"Send\" \/>\n<\/p><div class=\"wpcf7-response-output\" aria-hidden=\"true\"><\/div>\n<\/form>\n<\/div>\n<\/div>\n\t\t\t\t<\/div>\n\t\t\t\t<\/div>\n\t\t\t\t<div class=\"elementor-element elementor-element-ee57204 elementor-widget elementor-widget-image\" data-id=\"ee57204\" data-element_type=\"widget\" data-widget_type=\"image.default\">\n\t\t\t\t<div class=\"elementor-widget-container\">\n\t\t\t\t\t\t\t\t\t\t\t\t\t\t\t<img decoding=\"async\" width=\"400\" height=\"257\" src=\"https:\/\/adriasecrets.com\/wp-content\/uploads\/2021\/02\/services-2.jpg\" class=\"attachment-full size-full wp-image-3430\" alt=\"services\" loading=\"lazy\" srcset=\"https:\/\/adriasecrets.com\/wp-content\/uploads\/2021\/02\/services-2.jpg 400w, https:\/\/adriasecrets.com\/wp-content\/uploads\/2021\/02\/services-2-300x193.jpg 300w\" sizes=\"(max-width: 400px) 100vw, 400px\" \/>\t\t\t\t\t\t\t\t\t\t\t\t\t\t\t<\/div>\n\t\t\t\t<\/div>\n\t\t\t\t\t<\/div>\n\t\t<\/div>\n\t\t\t\t\t\t\t<\/div>\n\t\t<\/section>\n\t\t\t\t\t<\/div>\n\t\t<\/div>\n\t\t\t\t\t\t\t<\/div>\n\t\t<\/section>\n\t\t\t\t\t\t\t<\/div>\n\t\t","protected":false},"excerpt":{"rendered":"<p>Services Erstklassiger Service ist uns sehr wichtig! Deshalb helfen wir Ihnen gerne bei der Zusammenstellung Ihres Pers\u00f6nlichen Service-Pakets f\u00fcr Ihren Urlaub. Auf Anfrage organisieren wir f\u00fcr Sie: Privater Koch Hausdame\/Zimmerm\u00e4dchen Masseur Perosnal Trainer Babysitter Sicherheitspersonal Fotograf Catering\/Party-Service Reisef\u00fchrer Reinigungskraft Kroatischlehrer Dar\u00fcber hinaus organisieren wir gerne Ihre Ausfl\u00fcge oder nehmen Tischreservierungen vor \u2013 lassen Sie uns [&hellip;]<\/p>\n","protected":false},"author":1,"featured_media":0,"parent":6071,"menu_order":0,"comment_status":"closed","ping_status":"closed","template":"template-canvas-page.php","meta":{"inline_featured_image":false},"yoast_head":"<!-- This site is optimized with the Yoast SEO plugin v20.12 - https:\/\/yoast.com\/wordpress\/plugins\/seo\/ -->\n<title>Services - Adria Secrets<\/title>\n<meta name=\"robots\" content=\"index, follow, max-snippet:-1, max-image-preview:large, max-video-preview:-1\" \/>\n<link rel=\"canonical\" href=\"https:\/\/adriasecrets.com\/concierge\/services\/\" \/>\n<meta property=\"og:locale\" content=\"en_US\" \/>\n<meta property=\"og:type\" content=\"article\" \/>\n<meta property=\"og:title\" content=\"Services - Adria Secrets\" \/>\n<meta property=\"og:description\" content=\"Services Erstklassiger Service ist uns sehr wichtig! Deshalb helfen wir Ihnen gerne bei der Zusammenstellung Ihres Pers\u00f6nlichen Service-Pakets f\u00fcr Ihren Urlaub. Auf Anfrage organisieren wir f\u00fcr Sie: Privater Koch Hausdame\/Zimmerm\u00e4dchen Masseur Perosnal Trainer Babysitter Sicherheitspersonal Fotograf Catering\/Party-Service Reisef\u00fchrer Reinigungskraft Kroatischlehrer Dar\u00fcber hinaus organisieren wir gerne Ihre Ausfl\u00fcge oder nehmen Tischreservierungen vor \u2013 lassen Sie uns [&hellip;]\" \/>\n<meta property=\"og:url\" content=\"https:\/\/adriasecrets.com\/concierge\/services\/\" \/>\n<meta property=\"og:site_name\" content=\"Adria Secrets\" \/>\n<meta property=\"article:modified_time\" content=\"2022-02-07T19:49:04+00:00\" \/>\n<meta property=\"og:image\" content=\"https:\/\/adriasecrets.com\/wp-content\/uploads\/2021\/02\/services-2.jpg\" \/>\n<meta name=\"twitter:card\" content=\"summary_large_image\" \/>\n<meta name=\"twitter:label1\" content=\"Est. reading time\" \/>\n\t<meta name=\"twitter:data1\" content=\"1 minute\" \/>\n<script type=\"application\/ld+json\" class=\"yoast-schema-graph\">{\"@context\":\"https:\/\/schema.org\",\"@graph\":[{\"@type\":\"WebPage\",\"@id\":\"https:\/\/adriasecrets.com\/concierge\/services\/\",\"url\":\"https:\/\/adriasecrets.com\/concierge\/services\/\",\"name\":\"Services - Adria Secrets\",\"isPartOf\":{\"@id\":\"https:\/\/adriasecrets.com\/#website\"},\"datePublished\":\"2021-02-15T23:31:41+00:00\",\"dateModified\":\"2022-02-07T19:49:04+00:00\",\"breadcrumb\":{\"@id\":\"https:\/\/adriasecrets.com\/concierge\/services\/#breadcrumb\"},\"inLanguage\":\"en-US\",\"potentialAction\":[{\"@type\":\"ReadAction\",\"target\":[\"https:\/\/adriasecrets.com\/concierge\/services\/\"]}]},{\"@type\":\"BreadcrumbList\",\"@id\":\"https:\/\/adriasecrets.com\/concierge\/services\/#breadcrumb\",\"itemListElement\":[{\"@type\":\"ListItem\",\"position\":1,\"name\":\"Home\",\"item\":\"https:\/\/adriasecrets.com\/en\/\"},{\"@type\":\"ListItem\",\"position\":2,\"name\":\"Concierge\",\"item\":\"https:\/\/adriasecrets.com\/concierge\/\"},{\"@type\":\"ListItem\",\"position\":3,\"name\":\"Services\"}]},{\"@type\":\"WebSite\",\"@id\":\"https:\/\/adriasecrets.com\/#website\",\"url\":\"https:\/\/adriasecrets.com\/\",\"name\":\"Adria Secrets\",\"description\":\"Luxuri\u00f6se Villen und Apartments in Kroatien\",\"publisher\":{\"@id\":\"https:\/\/adriasecrets.com\/#organization\"},\"potentialAction\":[{\"@type\":\"SearchAction\",\"target\":{\"@type\":\"EntryPoint\",\"urlTemplate\":\"https:\/\/adriasecrets.com\/?s={search_term_string}\"},\"query-input\":\"required name=search_term_string\"}],\"inLanguage\":\"en-US\"},{\"@type\":\"Organization\",\"@id\":\"https:\/\/adriasecrets.com\/#organization\",\"name\":\"Adria Secrets\",\"url\":\"https:\/\/adriasecrets.com\/\",\"logo\":{\"@type\":\"ImageObject\",\"inLanguage\":\"en-US\",\"@id\":\"https:\/\/adriasecrets.com\/#\/schema\/logo\/image\/\",\"url\":\"https:\/\/adriasecrets.com\/wp-content\/uploads\/2020\/11\/cropped-AdriaSecrets_Logo.png\",\"contentUrl\":\"https:\/\/adriasecrets.com\/wp-content\/uploads\/2020\/11\/cropped-AdriaSecrets_Logo.png\",\"width\":731,\"height\":341,\"caption\":\"Adria Secrets\"},\"image\":{\"@id\":\"https:\/\/adriasecrets.com\/#\/schema\/logo\/image\/\"}}]}<\/script>\n<!-- \/ Yoast SEO plugin. -->","yoast_head_json":{"title":"Services - Adria Secrets","robots":{"index":"index","follow":"follow","max-snippet":"max-snippet:-1","max-image-preview":"max-image-preview:large","max-video-preview":"max-video-preview:-1"},"canonical":"https:\/\/adriasecrets.com\/concierge\/services\/","og_locale":"en_US","og_type":"article","og_title":"Services - Adria Secrets","og_description":"Services Erstklassiger Service ist uns sehr wichtig! Deshalb helfen wir Ihnen gerne bei der Zusammenstellung Ihres Pers\u00f6nlichen Service-Pakets f\u00fcr Ihren Urlaub. Auf Anfrage organisieren wir f\u00fcr Sie: Privater Koch Hausdame\/Zimmerm\u00e4dchen Masseur Perosnal Trainer Babysitter Sicherheitspersonal Fotograf Catering\/Party-Service Reisef\u00fchrer Reinigungskraft Kroatischlehrer Dar\u00fcber hinaus organisieren wir gerne Ihre Ausfl\u00fcge oder nehmen Tischreservierungen vor \u2013 lassen Sie uns [&hellip;]","og_url":"https:\/\/adriasecrets.com\/concierge\/services\/","og_site_name":"Adria Secrets","article_modified_time":"2022-02-07T19:49:04+00:00","og_image":[{"url":"https:\/\/adriasecrets.com\/wp-content\/uploads\/2021\/02\/services-2.jpg"}],"twitter_card":"summary_large_image","twitter_misc":{"Est. reading time":"1 minute"},"schema":{"@context":"https:\/\/schema.org","@graph":[{"@type":"WebPage","@id":"https:\/\/adriasecrets.com\/concierge\/services\/","url":"https:\/\/adriasecrets.com\/concierge\/services\/","name":"Services - Adria Secrets","isPartOf":{"@id":"https:\/\/adriasecrets.com\/#website"},"datePublished":"2021-02-15T23:31:41+00:00","dateModified":"2022-02-07T19:49:04+00:00","breadcrumb":{"@id":"https:\/\/adriasecrets.com\/concierge\/services\/#breadcrumb"},"inLanguage":"en-US","potentialAction":[{"@type":"ReadAction","target":["https:\/\/adriasecrets.com\/concierge\/services\/"]}]},{"@type":"BreadcrumbList","@id":"https:\/\/adriasecrets.com\/concierge\/services\/#breadcrumb","itemListElement":[{"@type":"ListItem","position":1,"name":"Home","item":"https:\/\/adriasecrets.com\/en\/"},{"@type":"ListItem","position":2,"name":"Concierge","item":"https:\/\/adriasecrets.com\/concierge\/"},{"@type":"ListItem","position":3,"name":"Services"}]},{"@type":"WebSite","@id":"https:\/\/adriasecrets.com\/#website","url":"https:\/\/adriasecrets.com\/","name":"Adria Secrets","description":"Luxuri\u00f6se Villen und Apartments in Kroatien","publisher":{"@id":"https:\/\/adriasecrets.com\/#organization"},"potentialAction":[{"@type":"SearchAction","target":{"@type":"EntryPoint","urlTemplate":"https:\/\/adriasecrets.com\/?s={search_term_string}"},"query-input":"required name=search_term_string"}],"inLanguage":"en-US"},{"@type":"Organization","@id":"https:\/\/adriasecrets.com\/#organization","name":"Adria Secrets","url":"https:\/\/adriasecrets.com\/","logo":{"@type":"ImageObject","inLanguage":"en-US","@id":"https:\/\/adriasecrets.com\/#\/schema\/logo\/image\/","url":"https:\/\/adriasecrets.com\/wp-content\/uploads\/2020\/11\/cropped-AdriaSecrets_Logo.png","contentUrl":"https:\/\/adriasecrets.com\/wp-content\/uploads\/2020\/11\/cropped-AdriaSecrets_Logo.png","width":731,"height":341,"caption":"Adria Secrets"},"image":{"@id":"https:\/\/adriasecrets.com\/#\/schema\/logo\/image\/"}}]}},"_links":{"self":[{"href":"https:\/\/adriasecrets.com\/en\/wp-json\/wp\/v2\/pages\/6510"}],"collection":[{"href":"https:\/\/adriasecrets.com\/en\/wp-json\/wp\/v2\/pages"}],"about":[{"href":"https:\/\/adriasecrets.com\/en\/wp-json\/wp\/v2\/types\/page"}],"author":[{"embeddable":true,"href":"https:\/\/adriasecrets.com\/en\/wp-json\/wp\/v2\/users\/1"}],"replies":[{"embeddable":true,"href":"https:\/\/adriasecrets.com\/en\/wp-json\/wp\/v2\/comments?post=6510"}],"version-history":[{"count":4,"href":"https:\/\/adriasecrets.com\/en\/wp-json\/wp\/v2\/pages\/6510\/revisions"}],"predecessor-version":[{"id":7598,"href":"https:\/\/adriasecrets.com\/en\/wp-json\/wp\/v2\/pages\/6510\/revisions\/7598"}],"up":[{"embeddable":true,"href":"https:\/\/adriasecrets.com\/en\/wp-json\/wp\/v2\/pages\/6071"}],"wp:attachment":[{"href":"https:\/\/adriasecrets.com\/en\/wp-json\/wp\/v2\/media?parent=6510"}],"curies":[{"name":"wp","href":"https:\/\/api.w.org\/{rel}","templated":true}]}}