{"id":6523,"date":"2021-02-16T01:02:39","date_gmt":"2021-02-16T00:02:39","guid":{"rendered":"https:\/\/adriasecrets.com\/concierge\/vip-transfers\/"},"modified":"2022-02-07T20:48:06","modified_gmt":"2022-02-07T19:48:06","slug":"vip-transfers","status":"publish","type":"page","link":"https:\/\/adriasecrets.com\/en\/concierge\/vip-transfers\/","title":{"rendered":"VIP Transfer"},"content":{"rendered":"\t\t<div data-elementor-type=\"wp-page\" data-elementor-id=\"6523\" class=\"elementor elementor-6523\">\n\t\t\t\t\t\t\t\t\t<section class=\"elementor-section elementor-top-section elementor-element elementor-element-28796cf elementor-section-boxed elementor-section-height-default elementor-section-height-default\" data-id=\"28796cf\" data-element_type=\"section\" data-settings=\"{&quot;background_background&quot;:&quot;classic&quot;}\">\n\t\t\t\t\t\t\t<div class=\"elementor-background-overlay\"><\/div>\n\t\t\t\t\t\t\t<div class=\"elementor-container elementor-column-gap-default\">\n\t\t\t\t\t<div class=\"elementor-column elementor-col-100 elementor-top-column elementor-element elementor-element-07030af\" data-id=\"07030af\" data-element_type=\"column\">\n\t\t\t<div class=\"elementor-widget-wrap elementor-element-populated\">\n\t\t\t\t\t\t\t\t<div class=\"elementor-element elementor-element-54d36db elementor-widget elementor-widget-heading\" data-id=\"54d36db\" data-element_type=\"widget\" data-widget_type=\"heading.default\">\n\t\t\t\t<div class=\"elementor-widget-container\">\n\t\t\t<h1 class=\"elementor-heading-title elementor-size-default\">VIP Transfer <\/h1>\t\t<\/div>\n\t\t\t\t<\/div>\n\t\t\t\t\t<\/div>\n\t\t<\/div>\n\t\t\t\t\t\t\t<\/div>\n\t\t<\/section>\n\t\t\t\t<section class=\"elementor-section elementor-top-section elementor-element elementor-element-09c9082 elementor-section-boxed elementor-section-height-default elementor-section-height-default\" data-id=\"09c9082\" data-element_type=\"section\">\n\t\t\t\t\t\t<div class=\"elementor-container elementor-column-gap-default\">\n\t\t\t\t\t<div class=\"elementor-column elementor-col-100 elementor-top-column elementor-element elementor-element-dadb865\" data-id=\"dadb865\" data-element_type=\"column\">\n\t\t\t<div class=\"elementor-widget-wrap elementor-element-populated\">\n\t\t\t\t\t\t\t\t<section class=\"elementor-section elementor-inner-section elementor-element elementor-element-afe8ccf elementor-section-boxed elementor-section-height-default elementor-section-height-default\" data-id=\"afe8ccf\" data-element_type=\"section\">\n\t\t\t\t\t\t<div class=\"elementor-container elementor-column-gap-default\">\n\t\t\t\t\t<div class=\"elementor-column elementor-col-50 elementor-inner-column elementor-element elementor-element-42a16a6\" data-id=\"42a16a6\" data-element_type=\"column\">\n\t\t\t<div class=\"elementor-widget-wrap elementor-element-populated\">\n\t\t\t\t\t\t\t\t<div class=\"elementor-element elementor-element-261ac79 elementor-widget elementor-widget-text-editor\" data-id=\"261ac79\" data-element_type=\"widget\" data-widget_type=\"text-editor.default\">\n\t\t\t\t<div class=\"elementor-widget-container\">\n\t\t\t\t\t\t\t<p>Freiheite ist ein Luxusgut! Genie\u00dfen Sie das Gef\u00fchl von Freiheit, indem Sie sich <br \/>zu Ihrem Urlaubsziel stressfrei und zeitsparend fahren oder fliegen lassen. <br \/>Dank unseres gro\u00dfen Netzwerks an gepr\u00fcften Privatjet und Mietwagenbetreibern, k\u00f6nnen wir Ihnen bei der Buchung eines f\u00fcr Sie passenden Transportmittels von Hilfe sein. Sie bestimmen die Start- und Zieldestination, das Datum und ihre Servicevorstellungen \u2013 wir k\u00fcmmern uns um den Rest.<\/p>\n<p>&nbsp; <br \/>Buchen Sie bei uns einen:<\/p>\n<ul>\n<li>Privatjet <\/li>\n<li>Helikopter <\/li>\n<li>Limousine<\/li>\n<li>Gro\u00dfraumwagen<\/li>\n<li>Luxuswagen<\/li>\n<\/ul>\n\t\t\t\t\t\t<\/div>\n\t\t\t\t<\/div>\n\t\t\t\t<div class=\"elementor-element elementor-element-a0bb734 elementor-widget elementor-widget-text-editor\" data-id=\"a0bb734\" data-element_type=\"widget\" data-widget_type=\"text-editor.default\">\n\t\t\t\t<div class=\"elementor-widget-container\">\n\t\t\t\t\t\t\t<p>Genie\u00dfen Sie die besten Fahrzeuge, zuverl\u00e4ssiges Personal und einen exzellenten Service rund um die Uhr.<\/p>\n<p>F\u00fcr eine unverbindliche Anfrage f\u00fcllen Sie bitte das Kontaktformular aus oder schicken Sie uns eine Email.<\/p>\n\t\t\t\t\t\t<\/div>\n\t\t\t\t<\/div>\n\t\t\t\t\t<\/div>\n\t\t<\/div>\n\t\t\t\t<div class=\"elementor-column elementor-col-50 elementor-inner-column elementor-element elementor-element-a96cc48\" data-id=\"a96cc48\" data-element_type=\"column\">\n\t\t\t<div class=\"elementor-widget-wrap elementor-element-populated\">\n\t\t\t\t\t\t\t\t<div class=\"elementor-element elementor-element-ce84409 elementor-widget elementor-widget-text-editor\" data-id=\"ce84409\" data-element_type=\"widget\" data-widget_type=\"text-editor.default\">\n\t\t\t\t<div class=\"elementor-widget-container\">\n\t\t\t\t\t\t\t<h2>Schreiben Sie uns!<\/h2>\n\t\t\t\t\t\t<\/div>\n\t\t\t\t<\/div>\n\t\t\t\t<div class=\"elementor-element elementor-element-fa54b10 elementor-widget elementor-widget-shortcode\" data-id=\"fa54b10\" data-element_type=\"widget\" data-widget_type=\"shortcode.default\">\n\t\t\t\t<div class=\"elementor-widget-container\">\n\t\t\t\t\t<div class=\"elementor-shortcode\">\n<div class=\"wpcf7 no-js\" id=\"wpcf7-f6466-o1\" lang=\"en-US\" dir=\"ltr\">\n<div class=\"screen-reader-response\"><p role=\"status\" aria-live=\"polite\" aria-atomic=\"true\"><\/p> <ul><\/ul><\/div>\n<form action=\"\/en\/wp-json\/wp\/v2\/pages\/6523#wpcf7-f6466-o1\" method=\"post\" class=\"wpcf7-form init\" aria-label=\"Contact form\" novalidate=\"novalidate\" data-status=\"init\">\n<div style=\"display: none;\">\n<input type=\"hidden\" name=\"_wpcf7\" value=\"6466\" \/>\n<input type=\"hidden\" name=\"_wpcf7_version\" value=\"5.7.7\" \/>\n<input type=\"hidden\" name=\"_wpcf7_locale\" value=\"en_US\" \/>\n<input type=\"hidden\" name=\"_wpcf7_unit_tag\" value=\"wpcf7-f6466-o1\" \/>\n<input type=\"hidden\" name=\"_wpcf7_container_post\" value=\"0\" \/>\n<input type=\"hidden\" name=\"_wpcf7_posted_data_hash\" value=\"\" \/>\n<input type=\"hidden\" name=\"_wpcf7_recaptcha_response\" value=\"\" \/>\n<\/div>\n<p><label> Your name*<br \/>\n<span class=\"wpcf7-form-control-wrap\" data-name=\"your-name\"><input size=\"40\" class=\"wpcf7-form-control wpcf7-text wpcf7-validates-as-required\" aria-required=\"true\" aria-invalid=\"false\" value=\"\" type=\"text\" name=\"your-name\" \/><\/span> <\/label>\n<\/p>\n<p><label> E-Mail*<br \/>\n<span class=\"wpcf7-form-control-wrap\" data-name=\"your-email\"><input size=\"40\" class=\"wpcf7-form-control wpcf7-text wpcf7-email wpcf7-validates-as-required wpcf7-validates-as-email\" aria-required=\"true\" aria-invalid=\"false\" value=\"\" type=\"email\" name=\"your-email\" \/><\/span> <\/label>\n<\/p>\n<p><label> Subject<br \/>\n<span class=\"wpcf7-form-control-wrap\" data-name=\"your-subject\"><input size=\"40\" class=\"wpcf7-form-control wpcf7-text wpcf7-validates-as-required\" aria-required=\"true\" aria-invalid=\"false\" value=\"\" type=\"text\" name=\"your-subject\" \/><\/span> <\/label>\n<\/p>\n<p><label> Your message<br \/>\n<span class=\"wpcf7-form-control-wrap\" data-name=\"your-message\"><textarea cols=\"40\" rows=\"2\" class=\"wpcf7-form-control wpcf7-textarea\" aria-invalid=\"false\" name=\"your-message\"><\/textarea><\/span> <\/label>\n<\/p>\n<p><label>\n\t<span class=\"wpcf7-form-control-wrap recaptcha\" data-name=\"recaptcha\"><span data-sitekey=\"6LcPGBcbAAAAAA4Zq1UFeYpfK-gA-fQgQwFcVh9w\" class=\"wpcf7-form-control g-recaptcha wpcf7-recaptcha\"><\/span>\r\n<noscript>\r\n\t<div class=\"grecaptcha-noscript\">\r\n\t\t<iframe loading=\"lazy\" src=\"https:\/\/www.google.com\/recaptcha\/api\/fallback?k=6LcPGBcbAAAAAA4Zq1UFeYpfK-gA-fQgQwFcVh9w\" frameborder=\"0\" scrolling=\"no\" width=\"310\" height=\"430\">\r\n\t\t<\/iframe>\r\n\t\t<textarea name=\"g-recaptcha-response\" rows=\"3\" cols=\"40\" placeholder=\"reCaptcha Response Here\">\r\n\t\t<\/textarea>\r\n\t<\/div>\r\n<\/noscript>\r\n<\/span><br \/>\n<\/label>\n<\/p>\n<p><input class=\"wpcf7-form-control has-spinner wpcf7-submit\" type=\"submit\" value=\"Send\" \/>\n<\/p><div class=\"wpcf7-response-output\" aria-hidden=\"true\"><\/div>\n<\/form>\n<\/div>\n<\/div>\n\t\t\t\t<\/div>\n\t\t\t\t<\/div>\n\t\t\t\t<div class=\"elementor-element elementor-element-cf73d68 elementor-widget elementor-widget-image\" data-id=\"cf73d68\" data-element_type=\"widget\" data-widget_type=\"image.default\">\n\t\t\t\t<div class=\"elementor-widget-container\">\n\t\t\t\t\t\t\t\t\t\t\t\t\t\t\t<img decoding=\"async\" width=\"400\" height=\"265\" src=\"https:\/\/adriasecrets.com\/wp-content\/uploads\/2021\/02\/hand.jpg\" class=\"attachment-large size-large wp-image-3482\" alt=\"hand\" loading=\"lazy\" srcset=\"https:\/\/adriasecrets.com\/wp-content\/uploads\/2021\/02\/hand.jpg 400w, https:\/\/adriasecrets.com\/wp-content\/uploads\/2021\/02\/hand-300x199.jpg 300w\" sizes=\"(max-width: 400px) 100vw, 400px\" \/>\t\t\t\t\t\t\t\t\t\t\t\t\t\t\t<\/div>\n\t\t\t\t<\/div>\n\t\t\t\t\t<\/div>\n\t\t<\/div>\n\t\t\t\t\t\t\t<\/div>\n\t\t<\/section>\n\t\t\t\t\t<\/div>\n\t\t<\/div>\n\t\t\t\t\t\t\t<\/div>\n\t\t<\/section>\n\t\t\t\t\t\t\t<\/div>\n\t\t","protected":false},"excerpt":{"rendered":"<p>VIP Transfer Freiheite ist ein Luxusgut! Genie\u00dfen Sie das Gef\u00fchl von Freiheit, indem Sie sich zu Ihrem Urlaubsziel stressfrei und zeitsparend fahren oder fliegen lassen. Dank unseres gro\u00dfen Netzwerks an gepr\u00fcften Privatjet und Mietwagenbetreibern, k\u00f6nnen wir Ihnen bei der Buchung eines f\u00fcr Sie passenden Transportmittels von Hilfe sein. Sie bestimmen die Start- und Zieldestination, das [&hellip;]<\/p>\n","protected":false},"author":1,"featured_media":0,"parent":6071,"menu_order":0,"comment_status":"closed","ping_status":"closed","template":"template-canvas-page.php","meta":{"inline_featured_image":false},"yoast_head":"<!-- This site is optimized with the Yoast SEO plugin v20.12 - https:\/\/yoast.com\/wordpress\/plugins\/seo\/ -->\n<title>VIP Transfer - Adria Secrets<\/title>\n<meta name=\"robots\" content=\"index, follow, max-snippet:-1, max-image-preview:large, max-video-preview:-1\" \/>\n<link rel=\"canonical\" href=\"https:\/\/adriasecrets.com\/concierge\/vip-transfers\/\" \/>\n<meta property=\"og:locale\" content=\"en_US\" \/>\n<meta property=\"og:type\" content=\"article\" \/>\n<meta property=\"og:title\" content=\"VIP Transfer - Adria Secrets\" \/>\n<meta property=\"og:description\" content=\"VIP Transfer Freiheite ist ein Luxusgut! Genie\u00dfen Sie das Gef\u00fchl von Freiheit, indem Sie sich zu Ihrem Urlaubsziel stressfrei und zeitsparend fahren oder fliegen lassen. Dank unseres gro\u00dfen Netzwerks an gepr\u00fcften Privatjet und Mietwagenbetreibern, k\u00f6nnen wir Ihnen bei der Buchung eines f\u00fcr Sie passenden Transportmittels von Hilfe sein. Sie bestimmen die Start- und Zieldestination, das [&hellip;]\" \/>\n<meta property=\"og:url\" content=\"https:\/\/adriasecrets.com\/concierge\/vip-transfers\/\" \/>\n<meta property=\"og:site_name\" content=\"Adria Secrets\" \/>\n<meta property=\"article:modified_time\" content=\"2022-02-07T19:48:06+00:00\" \/>\n<meta property=\"og:image\" content=\"https:\/\/adriasecrets.com\/wp-content\/uploads\/2021\/02\/hand.jpg\" \/>\n<meta name=\"twitter:card\" content=\"summary_large_image\" \/>\n<meta name=\"twitter:label1\" content=\"Est. reading time\" \/>\n\t<meta name=\"twitter:data1\" content=\"1 minute\" \/>\n<script type=\"application\/ld+json\" class=\"yoast-schema-graph\">{\"@context\":\"https:\/\/schema.org\",\"@graph\":[{\"@type\":\"WebPage\",\"@id\":\"https:\/\/adriasecrets.com\/concierge\/vip-transfers\/\",\"url\":\"https:\/\/adriasecrets.com\/concierge\/vip-transfers\/\",\"name\":\"VIP Transfer - Adria Secrets\",\"isPartOf\":{\"@id\":\"https:\/\/adriasecrets.com\/#website\"},\"datePublished\":\"2021-02-16T00:02:39+00:00\",\"dateModified\":\"2022-02-07T19:48:06+00:00\",\"breadcrumb\":{\"@id\":\"https:\/\/adriasecrets.com\/concierge\/vip-transfers\/#breadcrumb\"},\"inLanguage\":\"en-US\",\"potentialAction\":[{\"@type\":\"ReadAction\",\"target\":[\"https:\/\/adriasecrets.com\/concierge\/vip-transfers\/\"]}]},{\"@type\":\"BreadcrumbList\",\"@id\":\"https:\/\/adriasecrets.com\/concierge\/vip-transfers\/#breadcrumb\",\"itemListElement\":[{\"@type\":\"ListItem\",\"position\":1,\"name\":\"Home\",\"item\":\"https:\/\/adriasecrets.com\/en\/\"},{\"@type\":\"ListItem\",\"position\":2,\"name\":\"Concierge\",\"item\":\"https:\/\/adriasecrets.com\/concierge\/\"},{\"@type\":\"ListItem\",\"position\":3,\"name\":\"VIP Transfer\"}]},{\"@type\":\"WebSite\",\"@id\":\"https:\/\/adriasecrets.com\/#website\",\"url\":\"https:\/\/adriasecrets.com\/\",\"name\":\"Adria Secrets\",\"description\":\"Luxuri\u00f6se Villen und Apartments in Kroatien\",\"publisher\":{\"@id\":\"https:\/\/adriasecrets.com\/#organization\"},\"potentialAction\":[{\"@type\":\"SearchAction\",\"target\":{\"@type\":\"EntryPoint\",\"urlTemplate\":\"https:\/\/adriasecrets.com\/?s={search_term_string}\"},\"query-input\":\"required name=search_term_string\"}],\"inLanguage\":\"en-US\"},{\"@type\":\"Organization\",\"@id\":\"https:\/\/adriasecrets.com\/#organization\",\"name\":\"Adria Secrets\",\"url\":\"https:\/\/adriasecrets.com\/\",\"logo\":{\"@type\":\"ImageObject\",\"inLanguage\":\"en-US\",\"@id\":\"https:\/\/adriasecrets.com\/#\/schema\/logo\/image\/\",\"url\":\"https:\/\/adriasecrets.com\/wp-content\/uploads\/2020\/11\/cropped-AdriaSecrets_Logo.png\",\"contentUrl\":\"https:\/\/adriasecrets.com\/wp-content\/uploads\/2020\/11\/cropped-AdriaSecrets_Logo.png\",\"width\":731,\"height\":341,\"caption\":\"Adria Secrets\"},\"image\":{\"@id\":\"https:\/\/adriasecrets.com\/#\/schema\/logo\/image\/\"}}]}<\/script>\n<!-- \/ Yoast SEO plugin. -->","yoast_head_json":{"title":"VIP Transfer - Adria Secrets","robots":{"index":"index","follow":"follow","max-snippet":"max-snippet:-1","max-image-preview":"max-image-preview:large","max-video-preview":"max-video-preview:-1"},"canonical":"https:\/\/adriasecrets.com\/concierge\/vip-transfers\/","og_locale":"en_US","og_type":"article","og_title":"VIP Transfer - Adria Secrets","og_description":"VIP Transfer Freiheite ist ein Luxusgut! Genie\u00dfen Sie das Gef\u00fchl von Freiheit, indem Sie sich zu Ihrem Urlaubsziel stressfrei und zeitsparend fahren oder fliegen lassen. Dank unseres gro\u00dfen Netzwerks an gepr\u00fcften Privatjet und Mietwagenbetreibern, k\u00f6nnen wir Ihnen bei der Buchung eines f\u00fcr Sie passenden Transportmittels von Hilfe sein. Sie bestimmen die Start- und Zieldestination, das [&hellip;]","og_url":"https:\/\/adriasecrets.com\/concierge\/vip-transfers\/","og_site_name":"Adria Secrets","article_modified_time":"2022-02-07T19:48:06+00:00","og_image":[{"url":"https:\/\/adriasecrets.com\/wp-content\/uploads\/2021\/02\/hand.jpg"}],"twitter_card":"summary_large_image","twitter_misc":{"Est. reading time":"1 minute"},"schema":{"@context":"https:\/\/schema.org","@graph":[{"@type":"WebPage","@id":"https:\/\/adriasecrets.com\/concierge\/vip-transfers\/","url":"https:\/\/adriasecrets.com\/concierge\/vip-transfers\/","name":"VIP Transfer - Adria Secrets","isPartOf":{"@id":"https:\/\/adriasecrets.com\/#website"},"datePublished":"2021-02-16T00:02:39+00:00","dateModified":"2022-02-07T19:48:06+00:00","breadcrumb":{"@id":"https:\/\/adriasecrets.com\/concierge\/vip-transfers\/#breadcrumb"},"inLanguage":"en-US","potentialAction":[{"@type":"ReadAction","target":["https:\/\/adriasecrets.com\/concierge\/vip-transfers\/"]}]},{"@type":"BreadcrumbList","@id":"https:\/\/adriasecrets.com\/concierge\/vip-transfers\/#breadcrumb","itemListElement":[{"@type":"ListItem","position":1,"name":"Home","item":"https:\/\/adriasecrets.com\/en\/"},{"@type":"ListItem","position":2,"name":"Concierge","item":"https:\/\/adriasecrets.com\/concierge\/"},{"@type":"ListItem","position":3,"name":"VIP Transfer"}]},{"@type":"WebSite","@id":"https:\/\/adriasecrets.com\/#website","url":"https:\/\/adriasecrets.com\/","name":"Adria Secrets","description":"Luxuri\u00f6se Villen und Apartments in Kroatien","publisher":{"@id":"https:\/\/adriasecrets.com\/#organization"},"potentialAction":[{"@type":"SearchAction","target":{"@type":"EntryPoint","urlTemplate":"https:\/\/adriasecrets.com\/?s={search_term_string}"},"query-input":"required name=search_term_string"}],"inLanguage":"en-US"},{"@type":"Organization","@id":"https:\/\/adriasecrets.com\/#organization","name":"Adria Secrets","url":"https:\/\/adriasecrets.com\/","logo":{"@type":"ImageObject","inLanguage":"en-US","@id":"https:\/\/adriasecrets.com\/#\/schema\/logo\/image\/","url":"https:\/\/adriasecrets.com\/wp-content\/uploads\/2020\/11\/cropped-AdriaSecrets_Logo.png","contentUrl":"https:\/\/adriasecrets.com\/wp-content\/uploads\/2020\/11\/cropped-AdriaSecrets_Logo.png","width":731,"height":341,"caption":"Adria Secrets"},"image":{"@id":"https:\/\/adriasecrets.com\/#\/schema\/logo\/image\/"}}]}},"_links":{"self":[{"href":"https:\/\/adriasecrets.com\/en\/wp-json\/wp\/v2\/pages\/6523"}],"collection":[{"href":"https:\/\/adriasecrets.com\/en\/wp-json\/wp\/v2\/pages"}],"about":[{"href":"https:\/\/adriasecrets.com\/en\/wp-json\/wp\/v2\/types\/page"}],"author":[{"embeddable":true,"href":"https:\/\/adriasecrets.com\/en\/wp-json\/wp\/v2\/users\/1"}],"replies":[{"embeddable":true,"href":"https:\/\/adriasecrets.com\/en\/wp-json\/wp\/v2\/comments?post=6523"}],"version-history":[{"count":10,"href":"https:\/\/adriasecrets.com\/en\/wp-json\/wp\/v2\/pages\/6523\/revisions"}],"predecessor-version":[{"id":7597,"href":"https:\/\/adriasecrets.com\/en\/wp-json\/wp\/v2\/pages\/6523\/revisions\/7597"}],"up":[{"embeddable":true,"href":"https:\/\/adriasecrets.com\/en\/wp-json\/wp\/v2\/pages\/6071"}],"wp:attachment":[{"href":"https:\/\/adriasecrets.com\/en\/wp-json\/wp\/v2\/media?parent=6523"}],"curies":[{"name":"wp","href":"https:\/\/api.w.org\/{rel}","templated":true}]}}