{"id":6529,"date":"2021-02-16T01:29:57","date_gmt":"2021-02-16T00:29:57","guid":{"rendered":"https:\/\/adriasecrets.com\/concierge\/boot-charters\/"},"modified":"2022-02-07T20:47:19","modified_gmt":"2022-02-07T19:47:19","slug":"boot-charters","status":"publish","type":"page","link":"https:\/\/adriasecrets.com\/en\/concierge\/boot-charters\/","title":{"rendered":"Boot Charter"},"content":{"rendered":"\t\t<div data-elementor-type=\"wp-page\" data-elementor-id=\"6529\" class=\"elementor elementor-6529\">\n\t\t\t\t\t\t\t\t\t<section class=\"elementor-section elementor-top-section elementor-element elementor-element-b12ea98 elementor-section-boxed elementor-section-height-default elementor-section-height-default\" data-id=\"b12ea98\" data-element_type=\"section\" data-settings=\"{&quot;background_background&quot;:&quot;classic&quot;}\">\n\t\t\t\t\t\t\t<div class=\"elementor-background-overlay\"><\/div>\n\t\t\t\t\t\t\t<div class=\"elementor-container elementor-column-gap-default\">\n\t\t\t\t\t<div class=\"elementor-column elementor-col-100 elementor-top-column elementor-element elementor-element-4cfb4cf\" data-id=\"4cfb4cf\" data-element_type=\"column\">\n\t\t\t<div class=\"elementor-widget-wrap elementor-element-populated\">\n\t\t\t\t\t\t\t\t<div class=\"elementor-element elementor-element-242de7b elementor-widget elementor-widget-heading\" data-id=\"242de7b\" data-element_type=\"widget\" data-widget_type=\"heading.default\">\n\t\t\t\t<div class=\"elementor-widget-container\">\n\t\t\t<h2 class=\"elementor-heading-title elementor-size-default\">Boat Charter<\/h2>\t\t<\/div>\n\t\t\t\t<\/div>\n\t\t\t\t\t<\/div>\n\t\t<\/div>\n\t\t\t\t\t\t\t<\/div>\n\t\t<\/section>\n\t\t\t\t<section class=\"elementor-section elementor-top-section elementor-element elementor-element-09c5193 elementor-section-boxed elementor-section-height-default elementor-section-height-default\" data-id=\"09c5193\" data-element_type=\"section\">\n\t\t\t\t\t\t<div class=\"elementor-container elementor-column-gap-default\">\n\t\t\t\t\t<div class=\"elementor-column elementor-col-100 elementor-top-column elementor-element elementor-element-c9ebf5c\" data-id=\"c9ebf5c\" data-element_type=\"column\">\n\t\t\t<div class=\"elementor-widget-wrap elementor-element-populated\">\n\t\t\t\t\t\t\t\t<section class=\"elementor-section elementor-inner-section elementor-element elementor-element-f799fe6 elementor-section-boxed elementor-section-height-default elementor-section-height-default\" data-id=\"f799fe6\" data-element_type=\"section\">\n\t\t\t\t\t\t<div class=\"elementor-container elementor-column-gap-default\">\n\t\t\t\t\t<div class=\"elementor-column elementor-col-50 elementor-inner-column elementor-element elementor-element-7bfd2c8\" data-id=\"7bfd2c8\" data-element_type=\"column\">\n\t\t\t<div class=\"elementor-widget-wrap elementor-element-populated\">\n\t\t\t\t\t\t\t\t<div class=\"elementor-element elementor-element-4fd4853 elementor-widget elementor-widget-text-editor\" data-id=\"4fd4853\" data-element_type=\"widget\" data-widget_type=\"text-editor.default\">\n\t\t\t\t<div class=\"elementor-widget-container\">\n\t\t\t\t\t\t\t<p>Kroatien bietet eine Vielzahl an Inseln, verborgenen Buchten und Str\u00e4nden, welche oftmals mit dem Auto schwer erreichbar sind. Deshalb ist ein Urlaub auf dem Meer eine tolle Alternative zum Urlaub auf dem Festland. Sei es lediglich tags\u00fcber mit einem Motorboot oder auch den ganzen Urlaub \u2013 auf einer privaten Luxusyacht. Eine interessante M\u00f6glichkeit ist auch, die H\u00e4lfte des Urlaub in einer Villa und die andere H\u00e4lfte auf einer Yacht zu verbringen. <br \/>Wir helfen Ihnen auf jeden Fall bei der Zusammenstellung Ihres pers\u00f6nlichen Urlaubspakets. Bei uns k\u00f6nnen Sie Dank unserer zahlreichen Partner sowohl Luxusyachten als auch kleine Motorboote f\u00fcr Ihren Urlaub buchen. <br \/>Wir k\u00fcmmern uns f\u00fcr Sie um alles: Von der Yacht bis hin zum Personal!<\/p>\n<p>Sprechen Sie uns einfach an oder teilen Sie uns Ihren Wunsch mit.<\/p>\n<p>F\u00fcr eine unverbindliche Anfrage f\u00fcllen Sie bitte das Kontaktformular aus oder schicken Sie uns eine Email. <\/p>\n\t\t\t\t\t\t<\/div>\n\t\t\t\t<\/div>\n\t\t\t\t\t<\/div>\n\t\t<\/div>\n\t\t\t\t<div class=\"elementor-column elementor-col-50 elementor-inner-column elementor-element elementor-element-7457c9f\" data-id=\"7457c9f\" data-element_type=\"column\">\n\t\t\t<div class=\"elementor-widget-wrap elementor-element-populated\">\n\t\t\t\t\t\t\t\t<div class=\"elementor-element elementor-element-8fd9d68 elementor-widget elementor-widget-text-editor\" data-id=\"8fd9d68\" data-element_type=\"widget\" data-widget_type=\"text-editor.default\">\n\t\t\t\t<div class=\"elementor-widget-container\">\n\t\t\t\t\t\t\t<h2>Schreiben Sie uns!<\/h2>\n\t\t\t\t\t\t<\/div>\n\t\t\t\t<\/div>\n\t\t\t\t<div class=\"elementor-element elementor-element-f7f4e34 elementor-widget elementor-widget-shortcode\" data-id=\"f7f4e34\" data-element_type=\"widget\" data-widget_type=\"shortcode.default\">\n\t\t\t\t<div class=\"elementor-widget-container\">\n\t\t\t\t\t<div class=\"elementor-shortcode\">\n<div class=\"wpcf7 no-js\" id=\"wpcf7-f6466-o1\" lang=\"en-US\" dir=\"ltr\">\n<div class=\"screen-reader-response\"><p role=\"status\" aria-live=\"polite\" aria-atomic=\"true\"><\/p> <ul><\/ul><\/div>\n<form action=\"\/en\/wp-json\/wp\/v2\/pages\/6529#wpcf7-f6466-o1\" method=\"post\" class=\"wpcf7-form init\" aria-label=\"Contact form\" novalidate=\"novalidate\" data-status=\"init\">\n<div style=\"display: none;\">\n<input type=\"hidden\" name=\"_wpcf7\" value=\"6466\" \/>\n<input type=\"hidden\" name=\"_wpcf7_version\" value=\"5.7.7\" \/>\n<input type=\"hidden\" name=\"_wpcf7_locale\" value=\"en_US\" \/>\n<input type=\"hidden\" name=\"_wpcf7_unit_tag\" value=\"wpcf7-f6466-o1\" \/>\n<input type=\"hidden\" name=\"_wpcf7_container_post\" value=\"0\" \/>\n<input type=\"hidden\" name=\"_wpcf7_posted_data_hash\" value=\"\" \/>\n<input type=\"hidden\" name=\"_wpcf7_recaptcha_response\" value=\"\" \/>\n<\/div>\n<p><label> Your name*<br \/>\n<span class=\"wpcf7-form-control-wrap\" data-name=\"your-name\"><input size=\"40\" class=\"wpcf7-form-control wpcf7-text wpcf7-validates-as-required\" aria-required=\"true\" aria-invalid=\"false\" value=\"\" type=\"text\" name=\"your-name\" \/><\/span> <\/label>\n<\/p>\n<p><label> E-Mail*<br \/>\n<span class=\"wpcf7-form-control-wrap\" data-name=\"your-email\"><input size=\"40\" class=\"wpcf7-form-control wpcf7-text wpcf7-email wpcf7-validates-as-required wpcf7-validates-as-email\" aria-required=\"true\" aria-invalid=\"false\" value=\"\" type=\"email\" name=\"your-email\" \/><\/span> <\/label>\n<\/p>\n<p><label> Subject<br \/>\n<span class=\"wpcf7-form-control-wrap\" data-name=\"your-subject\"><input size=\"40\" class=\"wpcf7-form-control wpcf7-text wpcf7-validates-as-required\" aria-required=\"true\" aria-invalid=\"false\" value=\"\" type=\"text\" name=\"your-subject\" \/><\/span> <\/label>\n<\/p>\n<p><label> Your message<br \/>\n<span class=\"wpcf7-form-control-wrap\" data-name=\"your-message\"><textarea cols=\"40\" rows=\"2\" class=\"wpcf7-form-control wpcf7-textarea\" aria-invalid=\"false\" name=\"your-message\"><\/textarea><\/span> <\/label>\n<\/p>\n<p><label>\n\t<span class=\"wpcf7-form-control-wrap recaptcha\" data-name=\"recaptcha\"><span data-sitekey=\"6LcPGBcbAAAAAA4Zq1UFeYpfK-gA-fQgQwFcVh9w\" class=\"wpcf7-form-control g-recaptcha wpcf7-recaptcha\"><\/span>\r\n<noscript>\r\n\t<div class=\"grecaptcha-noscript\">\r\n\t\t<iframe loading=\"lazy\" src=\"https:\/\/www.google.com\/recaptcha\/api\/fallback?k=6LcPGBcbAAAAAA4Zq1UFeYpfK-gA-fQgQwFcVh9w\" frameborder=\"0\" scrolling=\"no\" width=\"310\" height=\"430\">\r\n\t\t<\/iframe>\r\n\t\t<textarea name=\"g-recaptcha-response\" rows=\"3\" cols=\"40\" placeholder=\"reCaptcha Response Here\">\r\n\t\t<\/textarea>\r\n\t<\/div>\r\n<\/noscript>\r\n<\/span><br \/>\n<\/label>\n<\/p>\n<p><input class=\"wpcf7-form-control has-spinner wpcf7-submit\" type=\"submit\" value=\"Send\" \/>\n<\/p><div class=\"wpcf7-response-output\" aria-hidden=\"true\"><\/div>\n<\/form>\n<\/div>\n<\/div>\n\t\t\t\t<\/div>\n\t\t\t\t<\/div>\n\t\t\t\t\t<\/div>\n\t\t<\/div>\n\t\t\t\t\t\t\t<\/div>\n\t\t<\/section>\n\t\t\t\t\t<\/div>\n\t\t<\/div>\n\t\t\t\t\t\t\t<\/div>\n\t\t<\/section>\n\t\t\t\t\t\t\t<\/div>\n\t\t","protected":false},"excerpt":{"rendered":"<p>Boat Charter Kroatien bietet eine Vielzahl an Inseln, verborgenen Buchten und Str\u00e4nden, welche oftmals mit dem Auto schwer erreichbar sind. Deshalb ist ein Urlaub auf dem Meer eine tolle Alternative zum Urlaub auf dem Festland. Sei es lediglich tags\u00fcber mit einem Motorboot oder auch den ganzen Urlaub \u2013 auf einer privaten Luxusyacht. Eine interessante M\u00f6glichkeit [&hellip;]<\/p>\n","protected":false},"author":1,"featured_media":0,"parent":6071,"menu_order":0,"comment_status":"closed","ping_status":"closed","template":"template-canvas-page.php","meta":{"inline_featured_image":false},"yoast_head":"<!-- This site is optimized with the Yoast SEO plugin v20.12 - https:\/\/yoast.com\/wordpress\/plugins\/seo\/ -->\n<title>Boot Charter - Adria Secrets<\/title>\n<meta name=\"robots\" content=\"index, follow, max-snippet:-1, max-image-preview:large, max-video-preview:-1\" \/>\n<link rel=\"canonical\" href=\"https:\/\/adriasecrets.com\/concierge\/boot-charters\/\" \/>\n<meta property=\"og:locale\" content=\"en_US\" \/>\n<meta property=\"og:type\" content=\"article\" \/>\n<meta property=\"og:title\" content=\"Boot Charter - Adria Secrets\" \/>\n<meta property=\"og:description\" content=\"Boat Charter Kroatien bietet eine Vielzahl an Inseln, verborgenen Buchten und Str\u00e4nden, welche oftmals mit dem Auto schwer erreichbar sind. Deshalb ist ein Urlaub auf dem Meer eine tolle Alternative zum Urlaub auf dem Festland. Sei es lediglich tags\u00fcber mit einem Motorboot oder auch den ganzen Urlaub \u2013 auf einer privaten Luxusyacht. Eine interessante M\u00f6glichkeit [&hellip;]\" \/>\n<meta property=\"og:url\" content=\"https:\/\/adriasecrets.com\/concierge\/boot-charters\/\" \/>\n<meta property=\"og:site_name\" content=\"Adria Secrets\" \/>\n<meta property=\"article:modified_time\" content=\"2022-02-07T19:47:19+00:00\" \/>\n<meta name=\"twitter:card\" content=\"summary_large_image\" \/>\n<meta name=\"twitter:label1\" content=\"Est. reading time\" \/>\n\t<meta name=\"twitter:data1\" content=\"1 minute\" \/>\n<script type=\"application\/ld+json\" class=\"yoast-schema-graph\">{\"@context\":\"https:\/\/schema.org\",\"@graph\":[{\"@type\":\"WebPage\",\"@id\":\"https:\/\/adriasecrets.com\/concierge\/boot-charters\/\",\"url\":\"https:\/\/adriasecrets.com\/concierge\/boot-charters\/\",\"name\":\"Boot Charter - Adria Secrets\",\"isPartOf\":{\"@id\":\"https:\/\/adriasecrets.com\/#website\"},\"datePublished\":\"2021-02-16T00:29:57+00:00\",\"dateModified\":\"2022-02-07T19:47:19+00:00\",\"breadcrumb\":{\"@id\":\"https:\/\/adriasecrets.com\/concierge\/boot-charters\/#breadcrumb\"},\"inLanguage\":\"en-US\",\"potentialAction\":[{\"@type\":\"ReadAction\",\"target\":[\"https:\/\/adriasecrets.com\/concierge\/boot-charters\/\"]}]},{\"@type\":\"BreadcrumbList\",\"@id\":\"https:\/\/adriasecrets.com\/concierge\/boot-charters\/#breadcrumb\",\"itemListElement\":[{\"@type\":\"ListItem\",\"position\":1,\"name\":\"Home\",\"item\":\"https:\/\/adriasecrets.com\/en\/\"},{\"@type\":\"ListItem\",\"position\":2,\"name\":\"Concierge\",\"item\":\"https:\/\/adriasecrets.com\/concierge\/\"},{\"@type\":\"ListItem\",\"position\":3,\"name\":\"Boot Charter\"}]},{\"@type\":\"WebSite\",\"@id\":\"https:\/\/adriasecrets.com\/#website\",\"url\":\"https:\/\/adriasecrets.com\/\",\"name\":\"Adria Secrets\",\"description\":\"Luxuri\u00f6se Villen und Apartments in Kroatien\",\"publisher\":{\"@id\":\"https:\/\/adriasecrets.com\/#organization\"},\"potentialAction\":[{\"@type\":\"SearchAction\",\"target\":{\"@type\":\"EntryPoint\",\"urlTemplate\":\"https:\/\/adriasecrets.com\/?s={search_term_string}\"},\"query-input\":\"required name=search_term_string\"}],\"inLanguage\":\"en-US\"},{\"@type\":\"Organization\",\"@id\":\"https:\/\/adriasecrets.com\/#organization\",\"name\":\"Adria Secrets\",\"url\":\"https:\/\/adriasecrets.com\/\",\"logo\":{\"@type\":\"ImageObject\",\"inLanguage\":\"en-US\",\"@id\":\"https:\/\/adriasecrets.com\/#\/schema\/logo\/image\/\",\"url\":\"https:\/\/adriasecrets.com\/wp-content\/uploads\/2020\/11\/cropped-AdriaSecrets_Logo.png\",\"contentUrl\":\"https:\/\/adriasecrets.com\/wp-content\/uploads\/2020\/11\/cropped-AdriaSecrets_Logo.png\",\"width\":731,\"height\":341,\"caption\":\"Adria Secrets\"},\"image\":{\"@id\":\"https:\/\/adriasecrets.com\/#\/schema\/logo\/image\/\"}}]}<\/script>\n<!-- \/ Yoast SEO plugin. -->","yoast_head_json":{"title":"Boot Charter - Adria Secrets","robots":{"index":"index","follow":"follow","max-snippet":"max-snippet:-1","max-image-preview":"max-image-preview:large","max-video-preview":"max-video-preview:-1"},"canonical":"https:\/\/adriasecrets.com\/concierge\/boot-charters\/","og_locale":"en_US","og_type":"article","og_title":"Boot Charter - Adria Secrets","og_description":"Boat Charter Kroatien bietet eine Vielzahl an Inseln, verborgenen Buchten und Str\u00e4nden, welche oftmals mit dem Auto schwer erreichbar sind. Deshalb ist ein Urlaub auf dem Meer eine tolle Alternative zum Urlaub auf dem Festland. Sei es lediglich tags\u00fcber mit einem Motorboot oder auch den ganzen Urlaub \u2013 auf einer privaten Luxusyacht. Eine interessante M\u00f6glichkeit [&hellip;]","og_url":"https:\/\/adriasecrets.com\/concierge\/boot-charters\/","og_site_name":"Adria Secrets","article_modified_time":"2022-02-07T19:47:19+00:00","twitter_card":"summary_large_image","twitter_misc":{"Est. reading time":"1 minute"},"schema":{"@context":"https:\/\/schema.org","@graph":[{"@type":"WebPage","@id":"https:\/\/adriasecrets.com\/concierge\/boot-charters\/","url":"https:\/\/adriasecrets.com\/concierge\/boot-charters\/","name":"Boot Charter - Adria Secrets","isPartOf":{"@id":"https:\/\/adriasecrets.com\/#website"},"datePublished":"2021-02-16T00:29:57+00:00","dateModified":"2022-02-07T19:47:19+00:00","breadcrumb":{"@id":"https:\/\/adriasecrets.com\/concierge\/boot-charters\/#breadcrumb"},"inLanguage":"en-US","potentialAction":[{"@type":"ReadAction","target":["https:\/\/adriasecrets.com\/concierge\/boot-charters\/"]}]},{"@type":"BreadcrumbList","@id":"https:\/\/adriasecrets.com\/concierge\/boot-charters\/#breadcrumb","itemListElement":[{"@type":"ListItem","position":1,"name":"Home","item":"https:\/\/adriasecrets.com\/en\/"},{"@type":"ListItem","position":2,"name":"Concierge","item":"https:\/\/adriasecrets.com\/concierge\/"},{"@type":"ListItem","position":3,"name":"Boot Charter"}]},{"@type":"WebSite","@id":"https:\/\/adriasecrets.com\/#website","url":"https:\/\/adriasecrets.com\/","name":"Adria Secrets","description":"Luxuri\u00f6se Villen und Apartments in Kroatien","publisher":{"@id":"https:\/\/adriasecrets.com\/#organization"},"potentialAction":[{"@type":"SearchAction","target":{"@type":"EntryPoint","urlTemplate":"https:\/\/adriasecrets.com\/?s={search_term_string}"},"query-input":"required name=search_term_string"}],"inLanguage":"en-US"},{"@type":"Organization","@id":"https:\/\/adriasecrets.com\/#organization","name":"Adria Secrets","url":"https:\/\/adriasecrets.com\/","logo":{"@type":"ImageObject","inLanguage":"en-US","@id":"https:\/\/adriasecrets.com\/#\/schema\/logo\/image\/","url":"https:\/\/adriasecrets.com\/wp-content\/uploads\/2020\/11\/cropped-AdriaSecrets_Logo.png","contentUrl":"https:\/\/adriasecrets.com\/wp-content\/uploads\/2020\/11\/cropped-AdriaSecrets_Logo.png","width":731,"height":341,"caption":"Adria Secrets"},"image":{"@id":"https:\/\/adriasecrets.com\/#\/schema\/logo\/image\/"}}]}},"_links":{"self":[{"href":"https:\/\/adriasecrets.com\/en\/wp-json\/wp\/v2\/pages\/6529"}],"collection":[{"href":"https:\/\/adriasecrets.com\/en\/wp-json\/wp\/v2\/pages"}],"about":[{"href":"https:\/\/adriasecrets.com\/en\/wp-json\/wp\/v2\/types\/page"}],"author":[{"embeddable":true,"href":"https:\/\/adriasecrets.com\/en\/wp-json\/wp\/v2\/users\/1"}],"replies":[{"embeddable":true,"href":"https:\/\/adriasecrets.com\/en\/wp-json\/wp\/v2\/comments?post=6529"}],"version-history":[{"count":7,"href":"https:\/\/adriasecrets.com\/en\/wp-json\/wp\/v2\/pages\/6529\/revisions"}],"predecessor-version":[{"id":7595,"href":"https:\/\/adriasecrets.com\/en\/wp-json\/wp\/v2\/pages\/6529\/revisions\/7595"}],"up":[{"embeddable":true,"href":"https:\/\/adriasecrets.com\/en\/wp-json\/wp\/v2\/pages\/6071"}],"wp:attachment":[{"href":"https:\/\/adriasecrets.com\/en\/wp-json\/wp\/v2\/media?parent=6529"}],"curies":[{"name":"wp","href":"https:\/\/api.w.org\/{rel}","templated":true}]}}